{"id":1051,"date":"2023-07-03T20:23:08","date_gmt":"2023-07-03T20:23:08","guid":{"rendered":"https:\/\/argo-invest.com\/?page_id=1051"},"modified":"2023-07-04T21:24:44","modified_gmt":"2023-07-04T21:24:44","slug":"darlehen","status":"publish","type":"page","link":"https:\/\/argo-invest.com\/?page_id=1051","title":{"rendered":"Darlehen"},"content":{"rendered":"\t\t<div data-elementor-type=\"wp-page\" data-elementor-id=\"1051\" class=\"elementor elementor-1051\">\n\t\t\t\t\t\t<section class=\"elementor-section elementor-top-section elementor-element elementor-element-7c5f2da elementor-section-boxed elementor-section-height-default elementor-section-height-default\" data-id=\"7c5f2da\" data-element_type=\"section\">\n\t\t\t\t\t\t<div class=\"elementor-container elementor-column-gap-default\">\n\t\t\t\t\t<div class=\"elementor-column elementor-col-100 elementor-top-column elementor-element elementor-element-0cc83af\" data-id=\"0cc83af\" data-element_type=\"column\">\n\t\t\t<div class=\"elementor-widget-wrap elementor-element-populated\">\n\t\t\t\t\t\t<div class=\"elementor-element elementor-element-eb8b782 elementor-widget elementor-widget-text-editor\" data-id=\"eb8b782\" data-element_type=\"widget\" data-settings=\"{&quot;_animation&quot;:&quot;none&quot;}\" data-widget_type=\"text-editor.default\">\n\t\t\t\t<div class=\"elementor-widget-container\">\n\t\t\t\t\t\t\t\t\t<p>Wir bitten Dir eine Bundesweite, unabh\u00e4ngige Kreditvermittlung &amp; Beratung f\u00fcr Ihre Immobilienfinanzierung.<br \/>Mit gro\u00dfem Engagement, m\u00f6chten wir Dich auf den geeigneten Kauf Ihrer Immobilie vorbereiten.<\/p><p>Viele Immobilenk\u00e4ufer\/-innen, suchen zuerst nach der geeigneten Immobilie und versuchen dann die Finanzierung f\u00fcr das Wunschobjekt auf die Beine zu stellen. Wir empfehlen vorab einen gr\u00fcndlichen \u00dcberblick zu deinem Finanzstatus, den monatlichen Einnahmen und Ausgaben und berechnen anhand dieser Daten deinen Finanzierungsspielraum.<\/p><p><em><strong>Ihr Wunsch:<\/strong><\/em><br \/>Du m\u00f6chtest den besten Zins erreichen? Wir geben Dir mit unserem Wissen Sicherheit und begleiten Dich nicht nur bei der Finanzierung, sondern auch bei der geeigneten Immobiliensuche bis abschliessend zum Notartermin.<\/p><p><em><strong>Unser Ziel f\u00fcr Dich:<\/strong><\/em><br \/>Das beste Angebot am Markt zu finden. Ist dies gelungen, bringen wir dich und die Bank zusammen.\u00a0<span style=\"color: var( --e-global-color-text );\">Denn nur wenn Du das beste Angebot hast, kommt es zur Finanzierung.<\/span><\/p><p><em><strong>Geb\u00fchren:<\/strong><\/em><br \/>Die Beratung ist f\u00fcr Dich honorarfrei. Als Kreditvermittler erhalten wir eine Vermittlungsprovision von der Bank, wenn wir einen Kredit vermitteln.<\/p><p><em><strong>Deine Garantie:<\/strong><\/em><br \/>Wir verdienen unsere Provision nur dann, wenn Du unser Angebot angenommen hast und es zu einem Kreditabschluss mit der Bank kommt. Wir verdienen nur, wenn wir Dir das beste Angebot am Markt liefern, ansonsten entscheidest du Dich f\u00fcr den Wettbewerb.<\/p><p><em><strong>Fazit:<\/strong><\/em><\/p><p><span style=\"color: var( --e-global-color-text );\">Un\u00fcberlegtes Handeln, kann zur Absage deiner Finanzierungsanfrage f\u00fchren. Erh\u00f6he Deine Chancen f\u00fcr eine erfolgreiche Finanzierung indem Du einen\u00a0 Termin mit uns vereinbarst.<\/span><\/p>\t\t\t\t\t\t\t\t<\/div>\n\t\t\t\t<\/div>\n\t\t\t\t\t<\/div>\n\t\t<\/div>\n\t\t\t\t\t<\/div>\n\t\t<\/section>\n\t\t\t\t<\/div>\n\t\t","protected":false},"excerpt":{"rendered":"<p>Wir bitten Dir eine Bundesweite, unabh\u00e4ngige Kreditvermittlung &amp; Beratung f\u00fcr Ihre Immobilienfinanzierung.Mit gro\u00dfem Engagement, m\u00f6chten wir Dich auf den geeigneten Kauf Ihrer Immobilie vorbereiten. Viele Immobilenk\u00e4ufer\/-innen, suchen zuerst nach der geeigneten Immobilie und versuchen dann die Finanzierung f\u00fcr das Wunschobjekt auf die Beine zu stellen. Wir empfehlen vorab einen gr\u00fcndlichen \u00dcberblick zu deinem Finanzstatus, den &hellip; <\/p>\n<p class=\"link-more\"><a href=\"https:\/\/argo-invest.com\/?page_id=1051\" class=\"more-link\">Continue reading<span class=\"screen-reader-text\"> &#8222;Darlehen&#8220;<\/span><\/a><\/p>\n","protected":false},"author":1,"featured_media":0,"parent":0,"menu_order":0,"comment_status":"closed","ping_status":"closed","template":"","meta":{"_monsterinsights_skip_tracking":false,"_monsterinsights_sitenote_active":false,"_monsterinsights_sitenote_note":"","_monsterinsights_sitenote_category":0,"footnotes":""},"yoast_head":"<!-- This site is optimized with the Yoast SEO plugin v23.5 - https:\/\/yoast.com\/wordpress\/plugins\/seo\/ -->\n<title>Darlehen - ARIS Immobilien &amp; Finanzierungen<\/title>\n<meta name=\"robots\" content=\"index, follow, max-snippet:-1, max-image-preview:large, max-video-preview:-1\" \/>\n<link rel=\"canonical\" href=\"https:\/\/argo-invest.com\/?page_id=1051\" \/>\n<meta property=\"og:locale\" content=\"de_DE\" \/>\n<meta property=\"og:type\" content=\"article\" \/>\n<meta property=\"og:title\" content=\"Darlehen - ARIS Immobilien &amp; Finanzierungen\" \/>\n<meta property=\"og:description\" content=\"Wir bitten Dir eine Bundesweite, unabh\u00e4ngige Kreditvermittlung &amp; Beratung f\u00fcr Ihre Immobilienfinanzierung.Mit gro\u00dfem Engagement, m\u00f6chten wir Dich auf den geeigneten Kauf Ihrer Immobilie vorbereiten. Viele Immobilenk\u00e4ufer\/-innen, suchen zuerst nach der geeigneten Immobilie und versuchen dann die Finanzierung f\u00fcr das Wunschobjekt auf die Beine zu stellen. Wir empfehlen vorab einen gr\u00fcndlichen \u00dcberblick zu deinem Finanzstatus, den &hellip; Continue reading &quot;Darlehen&quot;\" \/>\n<meta property=\"og:url\" content=\"https:\/\/argo-invest.com\/?page_id=1051\" \/>\n<meta property=\"og:site_name\" content=\"ARIS Immobilien &amp; Finanzierungen\" \/>\n<meta property=\"article:modified_time\" content=\"2023-07-04T21:24:44+00:00\" \/>\n<meta name=\"twitter:card\" content=\"summary_large_image\" \/>\n<meta name=\"twitter:label1\" content=\"Gesch\u00e4tzte Lesezeit\" \/>\n\t<meta name=\"twitter:data1\" content=\"2\u00a0Minuten\" \/>\n<script type=\"application\/ld+json\" class=\"yoast-schema-graph\">{\"@context\":\"https:\/\/schema.org\",\"@graph\":[{\"@type\":\"WebPage\",\"@id\":\"https:\/\/argo-invest.com\/?page_id=1051\",\"url\":\"https:\/\/argo-invest.com\/?page_id=1051\",\"name\":\"Darlehen - ARIS Immobilien &amp; Finanzierungen\",\"isPartOf\":{\"@id\":\"https:\/\/argo-invest.com\/#website\"},\"datePublished\":\"2023-07-03T20:23:08+00:00\",\"dateModified\":\"2023-07-04T21:24:44+00:00\",\"breadcrumb\":{\"@id\":\"https:\/\/argo-invest.com\/?page_id=1051#breadcrumb\"},\"inLanguage\":\"de\",\"potentialAction\":[{\"@type\":\"ReadAction\",\"target\":[\"https:\/\/argo-invest.com\/?page_id=1051\"]}]},{\"@type\":\"BreadcrumbList\",\"@id\":\"https:\/\/argo-invest.com\/?page_id=1051#breadcrumb\",\"itemListElement\":[{\"@type\":\"ListItem\",\"position\":1,\"name\":\"Startseite\",\"item\":\"https:\/\/argo-invest.com\/\"},{\"@type\":\"ListItem\",\"position\":2,\"name\":\"Darlehen\"}]},{\"@type\":\"WebSite\",\"@id\":\"https:\/\/argo-invest.com\/#website\",\"url\":\"https:\/\/argo-invest.com\/\",\"name\":\"argo-invest.com\",\"description\":\"Aristidis Tziatzios\",\"publisher\":{\"@id\":\"https:\/\/argo-invest.com\/#organization\"},\"potentialAction\":[{\"@type\":\"SearchAction\",\"target\":{\"@type\":\"EntryPoint\",\"urlTemplate\":\"https:\/\/argo-invest.com\/?s={search_term_string}\"},\"query-input\":{\"@type\":\"PropertyValueSpecification\",\"valueRequired\":true,\"valueName\":\"search_term_string\"}}],\"inLanguage\":\"de\"},{\"@type\":\"Organization\",\"@id\":\"https:\/\/argo-invest.com\/#organization\",\"name\":\"ARGO Invest GmbH\",\"url\":\"https:\/\/argo-invest.com\/\",\"logo\":{\"@type\":\"ImageObject\",\"inLanguage\":\"de\",\"@id\":\"https:\/\/argo-invest.com\/#\/schema\/logo\/image\/\",\"url\":\"https:\/\/argo-invest.com\/wp-content\/uploads\/2019\/10\/Argo-web-blau.png\",\"contentUrl\":\"https:\/\/argo-invest.com\/wp-content\/uploads\/2019\/10\/Argo-web-blau.png\",\"width\":770,\"height\":215,\"caption\":\"ARGO Invest GmbH\"},\"image\":{\"@id\":\"https:\/\/argo-invest.com\/#\/schema\/logo\/image\/\"}}]}<\/script>\n<!-- \/ Yoast SEO plugin. -->","yoast_head_json":{"title":"Darlehen - ARIS Immobilien &amp; Finanzierungen","robots":{"index":"index","follow":"follow","max-snippet":"max-snippet:-1","max-image-preview":"max-image-preview:large","max-video-preview":"max-video-preview:-1"},"canonical":"https:\/\/argo-invest.com\/?page_id=1051","og_locale":"de_DE","og_type":"article","og_title":"Darlehen - ARIS Immobilien &amp; Finanzierungen","og_description":"Wir bitten Dir eine Bundesweite, unabh\u00e4ngige Kreditvermittlung &amp; Beratung f\u00fcr Ihre Immobilienfinanzierung.Mit gro\u00dfem Engagement, m\u00f6chten wir Dich auf den geeigneten Kauf Ihrer Immobilie vorbereiten. Viele Immobilenk\u00e4ufer\/-innen, suchen zuerst nach der geeigneten Immobilie und versuchen dann die Finanzierung f\u00fcr das Wunschobjekt auf die Beine zu stellen. Wir empfehlen vorab einen gr\u00fcndlichen \u00dcberblick zu deinem Finanzstatus, den &hellip; Continue reading \"Darlehen\"","og_url":"https:\/\/argo-invest.com\/?page_id=1051","og_site_name":"ARIS Immobilien &amp; Finanzierungen","article_modified_time":"2023-07-04T21:24:44+00:00","twitter_card":"summary_large_image","twitter_misc":{"Gesch\u00e4tzte Lesezeit":"2\u00a0Minuten"},"schema":{"@context":"https:\/\/schema.org","@graph":[{"@type":"WebPage","@id":"https:\/\/argo-invest.com\/?page_id=1051","url":"https:\/\/argo-invest.com\/?page_id=1051","name":"Darlehen - ARIS Immobilien &amp; Finanzierungen","isPartOf":{"@id":"https:\/\/argo-invest.com\/#website"},"datePublished":"2023-07-03T20:23:08+00:00","dateModified":"2023-07-04T21:24:44+00:00","breadcrumb":{"@id":"https:\/\/argo-invest.com\/?page_id=1051#breadcrumb"},"inLanguage":"de","potentialAction":[{"@type":"ReadAction","target":["https:\/\/argo-invest.com\/?page_id=1051"]}]},{"@type":"BreadcrumbList","@id":"https:\/\/argo-invest.com\/?page_id=1051#breadcrumb","itemListElement":[{"@type":"ListItem","position":1,"name":"Startseite","item":"https:\/\/argo-invest.com\/"},{"@type":"ListItem","position":2,"name":"Darlehen"}]},{"@type":"WebSite","@id":"https:\/\/argo-invest.com\/#website","url":"https:\/\/argo-invest.com\/","name":"argo-invest.com","description":"Aristidis Tziatzios","publisher":{"@id":"https:\/\/argo-invest.com\/#organization"},"potentialAction":[{"@type":"SearchAction","target":{"@type":"EntryPoint","urlTemplate":"https:\/\/argo-invest.com\/?s={search_term_string}"},"query-input":{"@type":"PropertyValueSpecification","valueRequired":true,"valueName":"search_term_string"}}],"inLanguage":"de"},{"@type":"Organization","@id":"https:\/\/argo-invest.com\/#organization","name":"ARGO Invest GmbH","url":"https:\/\/argo-invest.com\/","logo":{"@type":"ImageObject","inLanguage":"de","@id":"https:\/\/argo-invest.com\/#\/schema\/logo\/image\/","url":"https:\/\/argo-invest.com\/wp-content\/uploads\/2019\/10\/Argo-web-blau.png","contentUrl":"https:\/\/argo-invest.com\/wp-content\/uploads\/2019\/10\/Argo-web-blau.png","width":770,"height":215,"caption":"ARGO Invest GmbH"},"image":{"@id":"https:\/\/argo-invest.com\/#\/schema\/logo\/image\/"}}]}},"_links":{"self":[{"href":"https:\/\/argo-invest.com\/index.php?rest_route=\/wp\/v2\/pages\/1051"}],"collection":[{"href":"https:\/\/argo-invest.com\/index.php?rest_route=\/wp\/v2\/pages"}],"about":[{"href":"https:\/\/argo-invest.com\/index.php?rest_route=\/wp\/v2\/types\/page"}],"author":[{"embeddable":true,"href":"https:\/\/argo-invest.com\/index.php?rest_route=\/wp\/v2\/users\/1"}],"replies":[{"embeddable":true,"href":"https:\/\/argo-invest.com\/index.php?rest_route=%2Fwp%2Fv2%2Fcomments&post=1051"}],"version-history":[{"count":27,"href":"https:\/\/argo-invest.com\/index.php?rest_route=\/wp\/v2\/pages\/1051\/revisions"}],"predecessor-version":[{"id":1083,"href":"https:\/\/argo-invest.com\/index.php?rest_route=\/wp\/v2\/pages\/1051\/revisions\/1083"}],"wp:attachment":[{"href":"https:\/\/argo-invest.com\/index.php?rest_route=%2Fwp%2Fv2%2Fmedia&parent=1051"}],"curies":[{"name":"wp","href":"https:\/\/api.w.org\/{rel}","templated":true}]}}