{"id":128,"date":"2018-02-24T19:45:07","date_gmt":"2018-02-24T19:45:07","guid":{"rendered":"http:\/\/argo-invest.com\/?page_id=128"},"modified":"2018-02-24T19:46:27","modified_gmt":"2018-02-24T19:46:27","slug":"epirus","status":"publish","type":"page","link":"https:\/\/argo-invest.com\/?page_id=128","title":{"rendered":"Epirus"},"content":{"rendered":"<p><strong>Schroffe Berge, versteckte Buchten, alte Kulturen und ruhige W\u00e4lder: Epirus hat viele Gesichter<\/strong><\/p>\n<p>In Epirus scheinen die Menschen mit dem Land eins zu werden. Hier k\u00f6nnen Sie ein anderes Westgriechenland an der Grenze von Kulturen und Landschaften, zwischen Pindos und dem ionischen Meer, kennenlernen. Berggipfel, Schluchten, seltene Pflanzen und Tiere, Seen, Str\u00e4nde, Fl\u00fcsse und sandige Ufer bieten die Kulisse f\u00fcr die antiken Ruinen von Dodona und viele mittelalterliche Burgen, Kl\u00f6ster, Bogenbr\u00fccken und traditionelle D\u00f6rfer.<\/p>\n<p>Die Destinationen sind vielf\u00e4ltig und unterschiedlich und \u00f6ffnen Sie wie ein F\u00e4cher vor Ihnen. Hier k\u00f6nnen Sie Urlaub das ganze Jahr \u00fcber mache. Von den malerischen D\u00f6rfern Zagori, Metsovo und Tzoumerka, zu den sch\u00f6nen Ioannina undim Sommer die kosmopolitischen &#8222;Treffpunkte&#8220; Parga und Sivota. Epirus begr\u00fc\u00dft Sie das ganze Jahr \u00fcber und verspricht einzigartige Erlebnisse und \u00dcberraschungen.<\/p>\n<p><em><strong>Kleine Buchten und versteckte Str\u00e4nde<\/strong><\/em><br \/>\nDie Sandstr\u00e4nde der endlosen K\u00fcste von Preveza bis nach Parga sind voll von Strandbars. Rund um Parga und Sivota k\u00f6nnen Sie von Bucht zu Bucht segeln, um Ihren eigenen Lieblingsstrand zu entdecken. In Drepano in der N\u00e4he von Igoumenitsa gibt es einen herrlichen Strand mit einer Lagune. Westgriechenland erwartet Sie.<\/p>\n<p><em><strong>Berge und Schluchten warten auf Entdeckung<\/strong><\/em><br \/>\nHohe Berge und rauschende Fl\u00fcssen bieten Ihnen Adrenalin pur. Mit dem Kajak auf dem Fluss Aoos k\u00f6nnen Sie sich von seiner Sch\u00f6nheit beeindrucken lassen. Zum Rafting sind die Fl\u00fcsse und Voidomatis und Arachthos ideal. Wandern Sie im Sommer entlang des Flusses Acheron. Mutige springen vom Profitis Ilias in die Tiefe. Erkunden Sie die Vikos-Schlucht und erklimmen Sie Berge und Felsen am Ioannina-See. Wenn ruhigere Aktivit\u00e4ten bevorzugen, beobachten Sie V\u00f6gel in der Bucht von Amvrakia, einem der wichtigsten Feuchtgebiete Europas.<\/p>\n<p>Ob Sie auf Abenteuer oder Ruhe aus sind, diese Highlights sollten Sie nicht verpassen: die Zagorohoria, den Aoos-See, Tzoumerka und eine Fahrt von Igoumenitsa nach Metsovo auf der neuen Egnatia-Autobahn \u00fcber den Katara-Pass, den h\u00f6chsten in Griechenland, der den ganzen Winter \u00fcber trotz schwerer Schneef\u00e4lle ge\u00f6ffnet bleibt.<\/p>\n<p><em><strong>Tauchen Sie ein in die lokale Kultur<\/strong><\/em><br \/>\nDie Geschichte von Epirus ist unglaublich reich. Angefangen mit der beeindruckenden arch\u00e4ologischen St\u00e4tte von Dodona mit ihrem antiken Theater bis zum Orakel von Efyra, das schon seit der Antike ber\u00fchmt ist. Ioannina lockt mit der beeindruckenden Burg Its Kale, dem byzantinischen Museum und den acht byzantinischen und post-byzantinischen Kl\u00f6stern auf der Insel im See.<\/p>\n<p>Sehenswerte Kl\u00f6ster in der Zagorohoria sind Agios Ioannis Rangovos und Agia Paraskevi. Epirus ist bekannt f\u00fcr das traditionelle Kunsthandwerk, Bildhauerei und wundersch\u00f6ne Silberschmiede. Entdecken Sie mit einer Reise die unber\u00fchrten D\u00f6rfer, die auch \u201ePoesie in Stein\u201c genannt werden: Zagoria, Metsovo, Syrrako und Kalarrytes in der Tzoumerka. Auch die Steinb\u00f6gen der Br\u00fccken pr\u00e4gen die Landschaft von Kalogeriko bei Kipi, Plaka, Konitsa und Arta. Die Juweliere in Ioannina sind stolz auf das traditionelle Handwerk.<\/p>\n<p><em><strong>Spezialit\u00e4ten aus Epirus<\/strong><\/em><br \/>\nDas Erbe der von nomadischer Viehzucht gepr\u00e4gten Landschaft schenkt uns unvergessliche, gastronomische Erfahrungen reich an Fleisch- und Milchprodukten. Der Feta aus Epirus ist zu Recht ber\u00fchmt, genau wie auch die Buttermilch und der Hartk\u00e4se. Typisch sind auch verschiedene Fleischgerichte wie kleftiko und Lammfleisch mit Sauerampfer.<\/p>\n<p>Die Teigtaschen aus hausgemachtem Bl\u00e4tterteig sind mit allem gef\u00fcllt, was Sie sich vorstellen k\u00f6nnen \u2013 Zucchini, Lamm, Huhn, K\u00e4se. Jeder Ort hat seine eigene Spezialit\u00e4t: Probieren Sie Garnelen in der Bucht von Amvraka, Froschschenkel und S\u00fc\u00dfigkeiten wie Milchkuchen, Kataifi, Baklava, Bougatsa in Ioannina, K\u00e4se, Nudeln und Wein in Metsovo. Zitsa ist f\u00fcr seinen Sekt und das Wasser bekannt, das Sie unter den Namen Vikos und Tzoumerka finden k\u00f6nnen.<\/p>\n<p><em><strong>Die beliebtesten Ausflugsziele in Epirus<\/strong><\/em><br \/>\n1. Zagochoria: Steinstrukturen in den sch\u00f6nen und schroffen Bergen machen diese Gegend so einzigartig. Besuchen Sie Mikro und Megalo Papingo, Aristi und Monodendri.<br \/>\n2. Vikos Aoos Nationalpark: Seltene Naturph\u00e4nomene warten in den Schluchten von Vikos und Aoos und auf der H\u00f6he des Mt. Tymfi auf Sie.<br \/>\n3. Drachenseen: Drachenseen aus der Eiszeit, zwei Kilometer \u00fcber dem Meeresspiegel. Die gr\u00f6\u00dften Seen sind Smolikas und Gamila. Einfach beeindruckend!<br \/>\n4. Konitsa-Br\u00fccke: \u03a3\u03c4\u03bf \u03c0\u03b5\u03c1\u03af\u03c6\u03b7\u03bc\u03bf \u03b3\u03b5\u03c6\u03cd\u03c1\u03b9 \u03c4\u03b7\u03c2 \u03c3\u03c5\u03bd\u03b1\u03bd\u03c4\u03b9\u03bf\u03cd\u03bd\u03c4\u03b1\u03b9 \u03bf \u0391\u03ce\u03bf\u03c2 \u03ba\u03b1\u03b9 \u03bf \u0392\u03bf\u03ca\u03b4\u03bf\u03bc\u03ac\u03c4\u03b7\u03c2.<br \/>\n5. N\u00f6rdlich Von Konitsa: Die Fl\u00fcsse Aoos und Voidomatis treffen sich an dieser ber\u00fchmten Br\u00fccke.<br \/>\n6. Metsovo: Von der Mastorohoria (Pyrsogianni) nach Sarantaporos, von Bourazani zum Nonnenkloster Molyvoskepasti.<br \/>\n7. Ioannina: Eine der sch\u00f6nsten griechischen St\u00e4dte. Hier liegt der See Pamvotis mit der ber\u00fchmten Insel, die von byzantinischen Kl\u00f6stern bedeckt ist. Die pulsierende Stadt hat Dutzende von Sehensw\u00fcrdigkeiten, Restaurants und Tavernen, gute Hotels und eine attraktive Altstadt.<br \/>\n8. Syrakko &amp; Kalarytes: Zwei sch\u00f6ne alte Steind\u00f6rfer, die sich einander gegen\u00fcberstehen wie in einem Spiegelbild. Ein besonderes Reiseziel in Epirus.<br \/>\n9. Tsoumerka Wasserf\u00e4lle: Zwei fl\u00fcssige Riesen fallen von 125 Metern in die Tiefe. Atemberaubend!<br \/>\n10. Prevesa: Machen Sie einen Spaziergang an der lebhaften Promenade der Hafenstadt in Epirus.<\/p>\n","protected":false},"excerpt":{"rendered":"<p>Schroffe Berge, versteckte Buchten, alte Kulturen und ruhige W\u00e4lder: Epirus hat viele Gesichter In Epirus scheinen die Menschen mit dem Land eins zu werden. Hier k\u00f6nnen Sie ein anderes Westgriechenland an der Grenze von Kulturen und Landschaften, zwischen Pindos und dem ionischen Meer, kennenlernen. Berggipfel, Schluchten, seltene Pflanzen und Tiere, Seen, Str\u00e4nde, Fl\u00fcsse und sandige &hellip; <\/p>\n<p class=\"link-more\"><a href=\"https:\/\/argo-invest.com\/?page_id=128\" class=\"more-link\">Continue reading<span class=\"screen-reader-text\"> &#8222;Epirus&#8220;<\/span><\/a><\/p>\n","protected":false},"author":1,"featured_media":0,"parent":0,"menu_order":0,"comment_status":"closed","ping_status":"closed","template":"","meta":{"_monsterinsights_skip_tracking":false,"_monsterinsights_sitenote_active":false,"_monsterinsights_sitenote_note":"","_monsterinsights_sitenote_category":0,"footnotes":""},"yoast_head":"<!-- This site is optimized with the Yoast SEO plugin v23.5 - https:\/\/yoast.com\/wordpress\/plugins\/seo\/ -->\n<title>Epirus - ARIS Immobilien &amp; Finanzierungen<\/title>\n<meta name=\"robots\" content=\"index, follow, max-snippet:-1, max-image-preview:large, max-video-preview:-1\" \/>\n<link rel=\"canonical\" href=\"https:\/\/argo-invest.com\/?page_id=128\" \/>\n<meta property=\"og:locale\" content=\"de_DE\" \/>\n<meta property=\"og:type\" content=\"article\" \/>\n<meta property=\"og:title\" content=\"Epirus - ARIS Immobilien &amp; Finanzierungen\" \/>\n<meta property=\"og:description\" content=\"Schroffe Berge, versteckte Buchten, alte Kulturen und ruhige W\u00e4lder: Epirus hat viele Gesichter In Epirus scheinen die Menschen mit dem Land eins zu werden. Hier k\u00f6nnen Sie ein anderes Westgriechenland an der Grenze von Kulturen und Landschaften, zwischen Pindos und dem ionischen Meer, kennenlernen. Berggipfel, Schluchten, seltene Pflanzen und Tiere, Seen, Str\u00e4nde, Fl\u00fcsse und sandige &hellip; Continue reading &quot;Epirus&quot;\" \/>\n<meta property=\"og:url\" content=\"https:\/\/argo-invest.com\/?page_id=128\" \/>\n<meta property=\"og:site_name\" content=\"ARIS Immobilien &amp; Finanzierungen\" \/>\n<meta property=\"article:modified_time\" content=\"2018-02-24T19:46:27+00:00\" \/>\n<meta name=\"twitter:card\" content=\"summary_large_image\" \/>\n<meta name=\"twitter:label1\" content=\"Gesch\u00e4tzte Lesezeit\" \/>\n\t<meta name=\"twitter:data1\" content=\"4\u00a0Minuten\" \/>\n<script type=\"application\/ld+json\" class=\"yoast-schema-graph\">{\"@context\":\"https:\/\/schema.org\",\"@graph\":[{\"@type\":\"WebPage\",\"@id\":\"https:\/\/argo-invest.com\/?page_id=128\",\"url\":\"https:\/\/argo-invest.com\/?page_id=128\",\"name\":\"Epirus - ARIS Immobilien &amp; Finanzierungen\",\"isPartOf\":{\"@id\":\"https:\/\/argo-invest.com\/#website\"},\"datePublished\":\"2018-02-24T19:45:07+00:00\",\"dateModified\":\"2018-02-24T19:46:27+00:00\",\"breadcrumb\":{\"@id\":\"https:\/\/argo-invest.com\/?page_id=128#breadcrumb\"},\"inLanguage\":\"de\",\"potentialAction\":[{\"@type\":\"ReadAction\",\"target\":[\"https:\/\/argo-invest.com\/?page_id=128\"]}]},{\"@type\":\"BreadcrumbList\",\"@id\":\"https:\/\/argo-invest.com\/?page_id=128#breadcrumb\",\"itemListElement\":[{\"@type\":\"ListItem\",\"position\":1,\"name\":\"Startseite\",\"item\":\"https:\/\/argo-invest.com\/\"},{\"@type\":\"ListItem\",\"position\":2,\"name\":\"Epirus\"}]},{\"@type\":\"WebSite\",\"@id\":\"https:\/\/argo-invest.com\/#website\",\"url\":\"https:\/\/argo-invest.com\/\",\"name\":\"argo-invest.com\",\"description\":\"Aristidis Tziatzios\",\"publisher\":{\"@id\":\"https:\/\/argo-invest.com\/#organization\"},\"potentialAction\":[{\"@type\":\"SearchAction\",\"target\":{\"@type\":\"EntryPoint\",\"urlTemplate\":\"https:\/\/argo-invest.com\/?s={search_term_string}\"},\"query-input\":{\"@type\":\"PropertyValueSpecification\",\"valueRequired\":true,\"valueName\":\"search_term_string\"}}],\"inLanguage\":\"de\"},{\"@type\":\"Organization\",\"@id\":\"https:\/\/argo-invest.com\/#organization\",\"name\":\"ARGO Invest GmbH\",\"url\":\"https:\/\/argo-invest.com\/\",\"logo\":{\"@type\":\"ImageObject\",\"inLanguage\":\"de\",\"@id\":\"https:\/\/argo-invest.com\/#\/schema\/logo\/image\/\",\"url\":\"https:\/\/argo-invest.com\/wp-content\/uploads\/2019\/10\/Argo-web-blau.png\",\"contentUrl\":\"https:\/\/argo-invest.com\/wp-content\/uploads\/2019\/10\/Argo-web-blau.png\",\"width\":770,\"height\":215,\"caption\":\"ARGO Invest GmbH\"},\"image\":{\"@id\":\"https:\/\/argo-invest.com\/#\/schema\/logo\/image\/\"}}]}<\/script>\n<!-- \/ Yoast SEO plugin. -->","yoast_head_json":{"title":"Epirus - ARIS Immobilien &amp; Finanzierungen","robots":{"index":"index","follow":"follow","max-snippet":"max-snippet:-1","max-image-preview":"max-image-preview:large","max-video-preview":"max-video-preview:-1"},"canonical":"https:\/\/argo-invest.com\/?page_id=128","og_locale":"de_DE","og_type":"article","og_title":"Epirus - ARIS Immobilien &amp; Finanzierungen","og_description":"Schroffe Berge, versteckte Buchten, alte Kulturen und ruhige W\u00e4lder: Epirus hat viele Gesichter In Epirus scheinen die Menschen mit dem Land eins zu werden. Hier k\u00f6nnen Sie ein anderes Westgriechenland an der Grenze von Kulturen und Landschaften, zwischen Pindos und dem ionischen Meer, kennenlernen. Berggipfel, Schluchten, seltene Pflanzen und Tiere, Seen, Str\u00e4nde, Fl\u00fcsse und sandige &hellip; Continue reading \"Epirus\"","og_url":"https:\/\/argo-invest.com\/?page_id=128","og_site_name":"ARIS Immobilien &amp; Finanzierungen","article_modified_time":"2018-02-24T19:46:27+00:00","twitter_card":"summary_large_image","twitter_misc":{"Gesch\u00e4tzte Lesezeit":"4\u00a0Minuten"},"schema":{"@context":"https:\/\/schema.org","@graph":[{"@type":"WebPage","@id":"https:\/\/argo-invest.com\/?page_id=128","url":"https:\/\/argo-invest.com\/?page_id=128","name":"Epirus - ARIS Immobilien &amp; Finanzierungen","isPartOf":{"@id":"https:\/\/argo-invest.com\/#website"},"datePublished":"2018-02-24T19:45:07+00:00","dateModified":"2018-02-24T19:46:27+00:00","breadcrumb":{"@id":"https:\/\/argo-invest.com\/?page_id=128#breadcrumb"},"inLanguage":"de","potentialAction":[{"@type":"ReadAction","target":["https:\/\/argo-invest.com\/?page_id=128"]}]},{"@type":"BreadcrumbList","@id":"https:\/\/argo-invest.com\/?page_id=128#breadcrumb","itemListElement":[{"@type":"ListItem","position":1,"name":"Startseite","item":"https:\/\/argo-invest.com\/"},{"@type":"ListItem","position":2,"name":"Epirus"}]},{"@type":"WebSite","@id":"https:\/\/argo-invest.com\/#website","url":"https:\/\/argo-invest.com\/","name":"argo-invest.com","description":"Aristidis Tziatzios","publisher":{"@id":"https:\/\/argo-invest.com\/#organization"},"potentialAction":[{"@type":"SearchAction","target":{"@type":"EntryPoint","urlTemplate":"https:\/\/argo-invest.com\/?s={search_term_string}"},"query-input":{"@type":"PropertyValueSpecification","valueRequired":true,"valueName":"search_term_string"}}],"inLanguage":"de"},{"@type":"Organization","@id":"https:\/\/argo-invest.com\/#organization","name":"ARGO Invest GmbH","url":"https:\/\/argo-invest.com\/","logo":{"@type":"ImageObject","inLanguage":"de","@id":"https:\/\/argo-invest.com\/#\/schema\/logo\/image\/","url":"https:\/\/argo-invest.com\/wp-content\/uploads\/2019\/10\/Argo-web-blau.png","contentUrl":"https:\/\/argo-invest.com\/wp-content\/uploads\/2019\/10\/Argo-web-blau.png","width":770,"height":215,"caption":"ARGO Invest GmbH"},"image":{"@id":"https:\/\/argo-invest.com\/#\/schema\/logo\/image\/"}}]}},"_links":{"self":[{"href":"https:\/\/argo-invest.com\/index.php?rest_route=\/wp\/v2\/pages\/128"}],"collection":[{"href":"https:\/\/argo-invest.com\/index.php?rest_route=\/wp\/v2\/pages"}],"about":[{"href":"https:\/\/argo-invest.com\/index.php?rest_route=\/wp\/v2\/types\/page"}],"author":[{"embeddable":true,"href":"https:\/\/argo-invest.com\/index.php?rest_route=\/wp\/v2\/users\/1"}],"replies":[{"embeddable":true,"href":"https:\/\/argo-invest.com\/index.php?rest_route=%2Fwp%2Fv2%2Fcomments&post=128"}],"version-history":[{"count":1,"href":"https:\/\/argo-invest.com\/index.php?rest_route=\/wp\/v2\/pages\/128\/revisions"}],"predecessor-version":[{"id":129,"href":"https:\/\/argo-invest.com\/index.php?rest_route=\/wp\/v2\/pages\/128\/revisions\/129"}],"wp:attachment":[{"href":"https:\/\/argo-invest.com\/index.php?rest_route=%2Fwp%2Fv2%2Fmedia&parent=128"}],"curies":[{"name":"wp","href":"https:\/\/api.w.org\/{rel}","templated":true}]}}