{"id":2,"date":"2016-05-10T03:48:21","date_gmt":"2016-05-10T03:48:21","guid":{"rendered":"http:\/\/argo-invest.com\/?page_id=2"},"modified":"2020-04-15T16:52:54","modified_gmt":"2020-04-15T16:52:54","slug":"sample-page","status":"publish","type":"page","link":"https:\/\/argo-invest.com\/?page_id=2","title":{"rendered":"Investments"},"content":{"rendered":"<p>Aufgrund der Wirtschaftslage in Griechenland steigt die Nachfrage nach Investitionen aus dem Ausland st\u00e4ndig. Die Privatisierung und Liberalisierung des griechischen Marktes er\u00f6ffnet viele Chancen f\u00fcr Unternehmer und vor allem f\u00fcr Vision\u00e4re. Einige haben diesen Markt erkannt und investieren in unterschiedlichen Gesch\u00e4ftsfeldern um sich langfristig zu positionieren.<\/p>\n<p>Sollten auch Sie sich f\u00fcr eine Investition in Griechenland interessieren in Segmenten wie, Immobilien, Hotellerie oder erneuerbare Energie, z\u00f6gern Sie nicht uns zu kontaktieren.<\/p>\n<p>Wenn Sie mit Ihrem Unternehmen expandieren m\u00f6chten und\/oder Ihre Produktion nach Griechenland verlagern m\u00f6chten stehen wir Ihnen als Berater zur Seite. Wir erarbeiten mit Ihnen gemeinsam das gesamte Projekt von der Standortfindung bis hin zum schl\u00fcsselfertigen Bau Ihres Firmensitzes.<\/p>\n","protected":false},"excerpt":{"rendered":"<p>Aufgrund der Wirtschaftslage in Griechenland steigt die Nachfrage nach Investitionen aus dem Ausland st\u00e4ndig. Die Privatisierung und Liberalisierung des griechischen Marktes er\u00f6ffnet viele Chancen f\u00fcr Unternehmer und vor allem f\u00fcr Vision\u00e4re. Einige haben diesen Markt erkannt und investieren in unterschiedlichen Gesch\u00e4ftsfeldern um sich langfristig zu positionieren. Sollten auch Sie sich f\u00fcr eine Investition in Griechenland &hellip; <\/p>\n<p class=\"link-more\"><a href=\"https:\/\/argo-invest.com\/?page_id=2\" class=\"more-link\">Continue reading<span class=\"screen-reader-text\"> &#8222;Investments&#8220;<\/span><\/a><\/p>\n","protected":false},"author":1,"featured_media":0,"parent":0,"menu_order":0,"comment_status":"closed","ping_status":"open","template":"","meta":{"_monsterinsights_skip_tracking":false,"_monsterinsights_sitenote_active":false,"_monsterinsights_sitenote_note":"","_monsterinsights_sitenote_category":0,"footnotes":""},"yoast_head":"<!-- This site is optimized with the Yoast SEO plugin v23.5 - https:\/\/yoast.com\/wordpress\/plugins\/seo\/ -->\n<title>Investments - ARIS Immobilien &amp; Finanzierungen<\/title>\n<meta name=\"robots\" content=\"index, follow, max-snippet:-1, max-image-preview:large, max-video-preview:-1\" \/>\n<link rel=\"canonical\" href=\"https:\/\/argo-invest.com\/?page_id=2\" \/>\n<meta property=\"og:locale\" content=\"de_DE\" \/>\n<meta property=\"og:type\" content=\"article\" \/>\n<meta property=\"og:title\" content=\"Investments - ARIS Immobilien &amp; Finanzierungen\" \/>\n<meta property=\"og:description\" content=\"Aufgrund der Wirtschaftslage in Griechenland steigt die Nachfrage nach Investitionen aus dem Ausland st\u00e4ndig. Die Privatisierung und Liberalisierung des griechischen Marktes er\u00f6ffnet viele Chancen f\u00fcr Unternehmer und vor allem f\u00fcr Vision\u00e4re. Einige haben diesen Markt erkannt und investieren in unterschiedlichen Gesch\u00e4ftsfeldern um sich langfristig zu positionieren. Sollten auch Sie sich f\u00fcr eine Investition in Griechenland &hellip; Continue reading &quot;Investments&quot;\" \/>\n<meta property=\"og:url\" content=\"https:\/\/argo-invest.com\/?page_id=2\" \/>\n<meta property=\"og:site_name\" content=\"ARIS Immobilien &amp; Finanzierungen\" \/>\n<meta property=\"article:modified_time\" content=\"2020-04-15T16:52:54+00:00\" \/>\n<meta name=\"twitter:card\" content=\"summary_large_image\" \/>\n<meta name=\"twitter:label1\" content=\"Gesch\u00e4tzte Lesezeit\" \/>\n\t<meta name=\"twitter:data1\" content=\"1\u00a0Minute\" \/>\n<script type=\"application\/ld+json\" class=\"yoast-schema-graph\">{\"@context\":\"https:\/\/schema.org\",\"@graph\":[{\"@type\":\"WebPage\",\"@id\":\"https:\/\/argo-invest.com\/?page_id=2\",\"url\":\"https:\/\/argo-invest.com\/?page_id=2\",\"name\":\"Investments - ARIS Immobilien &amp; Finanzierungen\",\"isPartOf\":{\"@id\":\"https:\/\/argo-invest.com\/#website\"},\"datePublished\":\"2016-05-10T03:48:21+00:00\",\"dateModified\":\"2020-04-15T16:52:54+00:00\",\"breadcrumb\":{\"@id\":\"https:\/\/argo-invest.com\/?page_id=2#breadcrumb\"},\"inLanguage\":\"de\",\"potentialAction\":[{\"@type\":\"ReadAction\",\"target\":[\"https:\/\/argo-invest.com\/?page_id=2\"]}]},{\"@type\":\"BreadcrumbList\",\"@id\":\"https:\/\/argo-invest.com\/?page_id=2#breadcrumb\",\"itemListElement\":[{\"@type\":\"ListItem\",\"position\":1,\"name\":\"Startseite\",\"item\":\"https:\/\/argo-invest.com\/\"},{\"@type\":\"ListItem\",\"position\":2,\"name\":\"Investments\"}]},{\"@type\":\"WebSite\",\"@id\":\"https:\/\/argo-invest.com\/#website\",\"url\":\"https:\/\/argo-invest.com\/\",\"name\":\"argo-invest.com\",\"description\":\"Aristidis Tziatzios\",\"publisher\":{\"@id\":\"https:\/\/argo-invest.com\/#organization\"},\"potentialAction\":[{\"@type\":\"SearchAction\",\"target\":{\"@type\":\"EntryPoint\",\"urlTemplate\":\"https:\/\/argo-invest.com\/?s={search_term_string}\"},\"query-input\":{\"@type\":\"PropertyValueSpecification\",\"valueRequired\":true,\"valueName\":\"search_term_string\"}}],\"inLanguage\":\"de\"},{\"@type\":\"Organization\",\"@id\":\"https:\/\/argo-invest.com\/#organization\",\"name\":\"ARGO Invest GmbH\",\"url\":\"https:\/\/argo-invest.com\/\",\"logo\":{\"@type\":\"ImageObject\",\"inLanguage\":\"de\",\"@id\":\"https:\/\/argo-invest.com\/#\/schema\/logo\/image\/\",\"url\":\"https:\/\/argo-invest.com\/wp-content\/uploads\/2019\/10\/Argo-web-blau.png\",\"contentUrl\":\"https:\/\/argo-invest.com\/wp-content\/uploads\/2019\/10\/Argo-web-blau.png\",\"width\":770,\"height\":215,\"caption\":\"ARGO Invest GmbH\"},\"image\":{\"@id\":\"https:\/\/argo-invest.com\/#\/schema\/logo\/image\/\"}}]}<\/script>\n<!-- \/ Yoast SEO plugin. -->","yoast_head_json":{"title":"Investments - ARIS Immobilien &amp; Finanzierungen","robots":{"index":"index","follow":"follow","max-snippet":"max-snippet:-1","max-image-preview":"max-image-preview:large","max-video-preview":"max-video-preview:-1"},"canonical":"https:\/\/argo-invest.com\/?page_id=2","og_locale":"de_DE","og_type":"article","og_title":"Investments - ARIS Immobilien &amp; Finanzierungen","og_description":"Aufgrund der Wirtschaftslage in Griechenland steigt die Nachfrage nach Investitionen aus dem Ausland st\u00e4ndig. Die Privatisierung und Liberalisierung des griechischen Marktes er\u00f6ffnet viele Chancen f\u00fcr Unternehmer und vor allem f\u00fcr Vision\u00e4re. Einige haben diesen Markt erkannt und investieren in unterschiedlichen Gesch\u00e4ftsfeldern um sich langfristig zu positionieren. Sollten auch Sie sich f\u00fcr eine Investition in Griechenland &hellip; Continue reading \"Investments\"","og_url":"https:\/\/argo-invest.com\/?page_id=2","og_site_name":"ARIS Immobilien &amp; Finanzierungen","article_modified_time":"2020-04-15T16:52:54+00:00","twitter_card":"summary_large_image","twitter_misc":{"Gesch\u00e4tzte Lesezeit":"1\u00a0Minute"},"schema":{"@context":"https:\/\/schema.org","@graph":[{"@type":"WebPage","@id":"https:\/\/argo-invest.com\/?page_id=2","url":"https:\/\/argo-invest.com\/?page_id=2","name":"Investments - ARIS Immobilien &amp; Finanzierungen","isPartOf":{"@id":"https:\/\/argo-invest.com\/#website"},"datePublished":"2016-05-10T03:48:21+00:00","dateModified":"2020-04-15T16:52:54+00:00","breadcrumb":{"@id":"https:\/\/argo-invest.com\/?page_id=2#breadcrumb"},"inLanguage":"de","potentialAction":[{"@type":"ReadAction","target":["https:\/\/argo-invest.com\/?page_id=2"]}]},{"@type":"BreadcrumbList","@id":"https:\/\/argo-invest.com\/?page_id=2#breadcrumb","itemListElement":[{"@type":"ListItem","position":1,"name":"Startseite","item":"https:\/\/argo-invest.com\/"},{"@type":"ListItem","position":2,"name":"Investments"}]},{"@type":"WebSite","@id":"https:\/\/argo-invest.com\/#website","url":"https:\/\/argo-invest.com\/","name":"argo-invest.com","description":"Aristidis Tziatzios","publisher":{"@id":"https:\/\/argo-invest.com\/#organization"},"potentialAction":[{"@type":"SearchAction","target":{"@type":"EntryPoint","urlTemplate":"https:\/\/argo-invest.com\/?s={search_term_string}"},"query-input":{"@type":"PropertyValueSpecification","valueRequired":true,"valueName":"search_term_string"}}],"inLanguage":"de"},{"@type":"Organization","@id":"https:\/\/argo-invest.com\/#organization","name":"ARGO Invest GmbH","url":"https:\/\/argo-invest.com\/","logo":{"@type":"ImageObject","inLanguage":"de","@id":"https:\/\/argo-invest.com\/#\/schema\/logo\/image\/","url":"https:\/\/argo-invest.com\/wp-content\/uploads\/2019\/10\/Argo-web-blau.png","contentUrl":"https:\/\/argo-invest.com\/wp-content\/uploads\/2019\/10\/Argo-web-blau.png","width":770,"height":215,"caption":"ARGO Invest GmbH"},"image":{"@id":"https:\/\/argo-invest.com\/#\/schema\/logo\/image\/"}}]}},"_links":{"self":[{"href":"https:\/\/argo-invest.com\/index.php?rest_route=\/wp\/v2\/pages\/2"}],"collection":[{"href":"https:\/\/argo-invest.com\/index.php?rest_route=\/wp\/v2\/pages"}],"about":[{"href":"https:\/\/argo-invest.com\/index.php?rest_route=\/wp\/v2\/types\/page"}],"author":[{"embeddable":true,"href":"https:\/\/argo-invest.com\/index.php?rest_route=\/wp\/v2\/users\/1"}],"replies":[{"embeddable":true,"href":"https:\/\/argo-invest.com\/index.php?rest_route=%2Fwp%2Fv2%2Fcomments&post=2"}],"version-history":[{"count":6,"href":"https:\/\/argo-invest.com\/index.php?rest_route=\/wp\/v2\/pages\/2\/revisions"}],"predecessor-version":[{"id":585,"href":"https:\/\/argo-invest.com\/index.php?rest_route=\/wp\/v2\/pages\/2\/revisions\/585"}],"wp:attachment":[{"href":"https:\/\/argo-invest.com\/index.php?rest_route=%2Fwp%2Fv2%2Fmedia&parent=2"}],"curies":[{"name":"wp","href":"https:\/\/api.w.org\/{rel}","templated":true}]}}