{"id":459,"date":"2020-02-15T12:53:40","date_gmt":"2020-02-15T12:53:40","guid":{"rendered":"http:\/\/argo-invest.com\/?page_id=459"},"modified":"2020-04-15T17:48:04","modified_gmt":"2020-04-15T17:48:04","slug":"products","status":"publish","type":"page","link":"https:\/\/argo-invest.com\/?page_id=459","title":{"rendered":"Produkte"},"content":{"rendered":"\n<h2 class=\"wp-block-heading\">Fenster &amp; T\u00fcren &#8211; LED Beleuchtungen &amp; Sicherheitsbeleuchtungen<\/h2>\n\n\n\n<p>Verzichten Sie als Immobilieneigent\u00fcmer oder Eigenheimbesitzer \u00fcber einen l\u00e4ngeren Zeitraum auf Investitionen am Geb\u00e4ude, wirkt sich dies oft negativ auf die Geb\u00e4udesubstanz und damit auf den Immobilienwert aus. Aber auch unter nicht durchgef\u00fchrten Modernisierungen oder einer mangelhaft oder gar nicht durchgef\u00fchrten energetischen Sanierung eines Geb\u00e4udes leidet der Gesamtwert.<\/p>\n\n\n\n<p>Die ARGO Invest GmbH, bietet Ihnen zum Thema Neubau oder Sanierung folgende Leistungen an:<\/p>\n\n\n\n<ol><li>Fenster und T\u00fcren von namenhaften Herstellern<\/li><li>LED Beleuchtungen f\u00fcr Geb\u00e4ude, B\u00fcro, Hotellerie, Einzelhandel und Gastronomie<\/li><li>LED Notbeleuchtungen<\/li><\/ol>\n\n\n\n<p><strong>Schauen Sie sich unsere Produktkategorien an, indem Sie diese weiter unten anklicken:<\/strong><\/p>\n\n\n\n<p><strong><a href=\"https:\/\/argo-invest.com\/?page_id=577\">PVC ALUMINIUMKONSTRUKTIONEN<\/a><\/strong><\/p>\n\n\n\n<p><strong><a href=\"https:\/\/argo-invest.com\/?page_id=485\">BELEUCHTUNG<\/a><\/strong><\/p>\n\n\n\n<p><strong><a href=\"https:\/\/argo-invest.com\/?page_id=528\">LED SICHERHEITSBELEUCHTUNG<\/a><\/strong><\/p>\n\n\n\n<p><strong><a href=\"https:\/\/argo-invest.com\/?page_id=548\">LED ALUMINIUMPROFILE<\/a><\/strong><\/p>\n\n\n\n<p>F\u00fcr weitere Informationen und Angebote, z\u00f6gern Sie bitte nicht Kontakt mit unseren Experten aufzunehmen:<\/p>\n\n\n\n<p>Tel: +49 (0)611 13717974<\/p>\n\n\n\n<p>E-Mail: info@argo-invest.com <\/p>\n\n\n\n<p><\/p>\n","protected":false},"excerpt":{"rendered":"<p>Fenster &amp; T\u00fcren &#8211; LED Beleuchtungen &amp; Sicherheitsbeleuchtungen Verzichten Sie als Immobilieneigent\u00fcmer oder Eigenheimbesitzer \u00fcber einen l\u00e4ngeren Zeitraum auf Investitionen am Geb\u00e4ude, wirkt sich dies oft negativ auf die Geb\u00e4udesubstanz und damit auf den Immobilienwert aus. Aber auch unter nicht durchgef\u00fchrten Modernisierungen oder einer mangelhaft oder gar nicht durchgef\u00fchrten energetischen Sanierung eines Geb\u00e4udes leidet der &hellip; <\/p>\n<p class=\"link-more\"><a href=\"https:\/\/argo-invest.com\/?page_id=459\" class=\"more-link\">Continue reading<span class=\"screen-reader-text\"> &#8222;Produkte&#8220;<\/span><\/a><\/p>\n","protected":false},"author":1,"featured_media":0,"parent":0,"menu_order":0,"comment_status":"closed","ping_status":"closed","template":"","meta":{"_monsterinsights_skip_tracking":false,"_monsterinsights_sitenote_active":false,"_monsterinsights_sitenote_note":"","_monsterinsights_sitenote_category":0,"footnotes":""},"yoast_head":"<!-- This site is optimized with the Yoast SEO plugin v23.5 - https:\/\/yoast.com\/wordpress\/plugins\/seo\/ -->\n<title>Produkte - ARIS Immobilien &amp; Finanzierungen<\/title>\n<meta name=\"robots\" content=\"index, follow, max-snippet:-1, max-image-preview:large, max-video-preview:-1\" \/>\n<link rel=\"canonical\" href=\"https:\/\/argo-invest.com\/?page_id=459\" \/>\n<meta property=\"og:locale\" content=\"de_DE\" \/>\n<meta property=\"og:type\" content=\"article\" \/>\n<meta property=\"og:title\" content=\"Produkte - ARIS Immobilien &amp; Finanzierungen\" \/>\n<meta property=\"og:description\" content=\"Fenster &amp; T\u00fcren &#8211; LED Beleuchtungen &amp; Sicherheitsbeleuchtungen Verzichten Sie als Immobilieneigent\u00fcmer oder Eigenheimbesitzer \u00fcber einen l\u00e4ngeren Zeitraum auf Investitionen am Geb\u00e4ude, wirkt sich dies oft negativ auf die Geb\u00e4udesubstanz und damit auf den Immobilienwert aus. Aber auch unter nicht durchgef\u00fchrten Modernisierungen oder einer mangelhaft oder gar nicht durchgef\u00fchrten energetischen Sanierung eines Geb\u00e4udes leidet der &hellip; Continue reading &quot;Produkte&quot;\" \/>\n<meta property=\"og:url\" content=\"https:\/\/argo-invest.com\/?page_id=459\" \/>\n<meta property=\"og:site_name\" content=\"ARIS Immobilien &amp; Finanzierungen\" \/>\n<meta property=\"article:modified_time\" content=\"2020-04-15T17:48:04+00:00\" \/>\n<meta name=\"twitter:card\" content=\"summary_large_image\" \/>\n<meta name=\"twitter:label1\" content=\"Gesch\u00e4tzte Lesezeit\" \/>\n\t<meta name=\"twitter:data1\" content=\"1\u00a0Minute\" \/>\n<script type=\"application\/ld+json\" class=\"yoast-schema-graph\">{\"@context\":\"https:\/\/schema.org\",\"@graph\":[{\"@type\":\"WebPage\",\"@id\":\"https:\/\/argo-invest.com\/?page_id=459\",\"url\":\"https:\/\/argo-invest.com\/?page_id=459\",\"name\":\"Produkte - ARIS Immobilien &amp; Finanzierungen\",\"isPartOf\":{\"@id\":\"https:\/\/argo-invest.com\/#website\"},\"datePublished\":\"2020-02-15T12:53:40+00:00\",\"dateModified\":\"2020-04-15T17:48:04+00:00\",\"breadcrumb\":{\"@id\":\"https:\/\/argo-invest.com\/?page_id=459#breadcrumb\"},\"inLanguage\":\"de\",\"potentialAction\":[{\"@type\":\"ReadAction\",\"target\":[\"https:\/\/argo-invest.com\/?page_id=459\"]}]},{\"@type\":\"BreadcrumbList\",\"@id\":\"https:\/\/argo-invest.com\/?page_id=459#breadcrumb\",\"itemListElement\":[{\"@type\":\"ListItem\",\"position\":1,\"name\":\"Startseite\",\"item\":\"https:\/\/argo-invest.com\/\"},{\"@type\":\"ListItem\",\"position\":2,\"name\":\"Produkte\"}]},{\"@type\":\"WebSite\",\"@id\":\"https:\/\/argo-invest.com\/#website\",\"url\":\"https:\/\/argo-invest.com\/\",\"name\":\"argo-invest.com\",\"description\":\"Aristidis Tziatzios\",\"publisher\":{\"@id\":\"https:\/\/argo-invest.com\/#organization\"},\"potentialAction\":[{\"@type\":\"SearchAction\",\"target\":{\"@type\":\"EntryPoint\",\"urlTemplate\":\"https:\/\/argo-invest.com\/?s={search_term_string}\"},\"query-input\":{\"@type\":\"PropertyValueSpecification\",\"valueRequired\":true,\"valueName\":\"search_term_string\"}}],\"inLanguage\":\"de\"},{\"@type\":\"Organization\",\"@id\":\"https:\/\/argo-invest.com\/#organization\",\"name\":\"ARGO Invest GmbH\",\"url\":\"https:\/\/argo-invest.com\/\",\"logo\":{\"@type\":\"ImageObject\",\"inLanguage\":\"de\",\"@id\":\"https:\/\/argo-invest.com\/#\/schema\/logo\/image\/\",\"url\":\"https:\/\/argo-invest.com\/wp-content\/uploads\/2019\/10\/Argo-web-blau.png\",\"contentUrl\":\"https:\/\/argo-invest.com\/wp-content\/uploads\/2019\/10\/Argo-web-blau.png\",\"width\":770,\"height\":215,\"caption\":\"ARGO Invest GmbH\"},\"image\":{\"@id\":\"https:\/\/argo-invest.com\/#\/schema\/logo\/image\/\"}}]}<\/script>\n<!-- \/ Yoast SEO plugin. -->","yoast_head_json":{"title":"Produkte - ARIS Immobilien &amp; Finanzierungen","robots":{"index":"index","follow":"follow","max-snippet":"max-snippet:-1","max-image-preview":"max-image-preview:large","max-video-preview":"max-video-preview:-1"},"canonical":"https:\/\/argo-invest.com\/?page_id=459","og_locale":"de_DE","og_type":"article","og_title":"Produkte - ARIS Immobilien &amp; Finanzierungen","og_description":"Fenster &amp; T\u00fcren &#8211; LED Beleuchtungen &amp; Sicherheitsbeleuchtungen Verzichten Sie als Immobilieneigent\u00fcmer oder Eigenheimbesitzer \u00fcber einen l\u00e4ngeren Zeitraum auf Investitionen am Geb\u00e4ude, wirkt sich dies oft negativ auf die Geb\u00e4udesubstanz und damit auf den Immobilienwert aus. Aber auch unter nicht durchgef\u00fchrten Modernisierungen oder einer mangelhaft oder gar nicht durchgef\u00fchrten energetischen Sanierung eines Geb\u00e4udes leidet der &hellip; Continue reading \"Produkte\"","og_url":"https:\/\/argo-invest.com\/?page_id=459","og_site_name":"ARIS Immobilien &amp; Finanzierungen","article_modified_time":"2020-04-15T17:48:04+00:00","twitter_card":"summary_large_image","twitter_misc":{"Gesch\u00e4tzte Lesezeit":"1\u00a0Minute"},"schema":{"@context":"https:\/\/schema.org","@graph":[{"@type":"WebPage","@id":"https:\/\/argo-invest.com\/?page_id=459","url":"https:\/\/argo-invest.com\/?page_id=459","name":"Produkte - ARIS Immobilien &amp; Finanzierungen","isPartOf":{"@id":"https:\/\/argo-invest.com\/#website"},"datePublished":"2020-02-15T12:53:40+00:00","dateModified":"2020-04-15T17:48:04+00:00","breadcrumb":{"@id":"https:\/\/argo-invest.com\/?page_id=459#breadcrumb"},"inLanguage":"de","potentialAction":[{"@type":"ReadAction","target":["https:\/\/argo-invest.com\/?page_id=459"]}]},{"@type":"BreadcrumbList","@id":"https:\/\/argo-invest.com\/?page_id=459#breadcrumb","itemListElement":[{"@type":"ListItem","position":1,"name":"Startseite","item":"https:\/\/argo-invest.com\/"},{"@type":"ListItem","position":2,"name":"Produkte"}]},{"@type":"WebSite","@id":"https:\/\/argo-invest.com\/#website","url":"https:\/\/argo-invest.com\/","name":"argo-invest.com","description":"Aristidis Tziatzios","publisher":{"@id":"https:\/\/argo-invest.com\/#organization"},"potentialAction":[{"@type":"SearchAction","target":{"@type":"EntryPoint","urlTemplate":"https:\/\/argo-invest.com\/?s={search_term_string}"},"query-input":{"@type":"PropertyValueSpecification","valueRequired":true,"valueName":"search_term_string"}}],"inLanguage":"de"},{"@type":"Organization","@id":"https:\/\/argo-invest.com\/#organization","name":"ARGO Invest GmbH","url":"https:\/\/argo-invest.com\/","logo":{"@type":"ImageObject","inLanguage":"de","@id":"https:\/\/argo-invest.com\/#\/schema\/logo\/image\/","url":"https:\/\/argo-invest.com\/wp-content\/uploads\/2019\/10\/Argo-web-blau.png","contentUrl":"https:\/\/argo-invest.com\/wp-content\/uploads\/2019\/10\/Argo-web-blau.png","width":770,"height":215,"caption":"ARGO Invest GmbH"},"image":{"@id":"https:\/\/argo-invest.com\/#\/schema\/logo\/image\/"}}]}},"_links":{"self":[{"href":"https:\/\/argo-invest.com\/index.php?rest_route=\/wp\/v2\/pages\/459"}],"collection":[{"href":"https:\/\/argo-invest.com\/index.php?rest_route=\/wp\/v2\/pages"}],"about":[{"href":"https:\/\/argo-invest.com\/index.php?rest_route=\/wp\/v2\/types\/page"}],"author":[{"embeddable":true,"href":"https:\/\/argo-invest.com\/index.php?rest_route=\/wp\/v2\/users\/1"}],"replies":[{"embeddable":true,"href":"https:\/\/argo-invest.com\/index.php?rest_route=%2Fwp%2Fv2%2Fcomments&post=459"}],"version-history":[{"count":12,"href":"https:\/\/argo-invest.com\/index.php?rest_route=\/wp\/v2\/pages\/459\/revisions"}],"predecessor-version":[{"id":604,"href":"https:\/\/argo-invest.com\/index.php?rest_route=\/wp\/v2\/pages\/459\/revisions\/604"}],"wp:attachment":[{"href":"https:\/\/argo-invest.com\/index.php?rest_route=%2Fwp%2Fv2%2Fmedia&parent=459"}],"curies":[{"name":"wp","href":"https:\/\/api.w.org\/{rel}","templated":true}]}}