{"id":465,"date":"2020-02-15T13:14:11","date_gmt":"2020-02-15T13:14:11","guid":{"rendered":"http:\/\/argo-invest.com\/?page_id=465"},"modified":"2023-07-03T19:29:25","modified_gmt":"2023-07-03T19:29:25","slug":"partner","status":"publish","type":"page","link":"https:\/\/argo-invest.com\/?page_id=465","title":{"rendered":"Partner"},"content":{"rendered":"\n<h2 class=\"wp-block-heading\" id=\"ausgewahlte-partner\">Ausgew\u00e4hlte Partner<\/h2>\n\n\n\n<p>G_2_Lab: Architekturb\u00fcro<\/p>\n\n\n\n<p>K-Studio: Architekturb\u00fcro<\/p>\n\n\n\n<p>ARISTON Hausverwaltung<\/p>\n\n\n\n<p>Alle in Deutschland ans\u00e4ssige Banken<\/p>\n\n\n\n<p><\/p>\n","protected":false},"excerpt":{"rendered":"<p>Ausgew\u00e4hlte Partner G_2_Lab: Architekturb\u00fcro K-Studio: Architekturb\u00fcro ARISTON Hausverwaltung Alle in Deutschland ans\u00e4ssige Banken<\/p>\n","protected":false},"author":1,"featured_media":0,"parent":0,"menu_order":0,"comment_status":"closed","ping_status":"closed","template":"","meta":{"_monsterinsights_skip_tracking":false,"_monsterinsights_sitenote_active":false,"_monsterinsights_sitenote_note":"","_monsterinsights_sitenote_category":0,"footnotes":""},"yoast_head":"<!-- This site is optimized with the Yoast SEO plugin v23.5 - https:\/\/yoast.com\/wordpress\/plugins\/seo\/ -->\n<title>Partner - ARIS Immobilien &amp; Finanzierungen<\/title>\n<meta name=\"robots\" content=\"index, follow, max-snippet:-1, max-image-preview:large, max-video-preview:-1\" \/>\n<link rel=\"canonical\" href=\"https:\/\/argo-invest.com\/?page_id=465\" \/>\n<meta property=\"og:locale\" content=\"de_DE\" \/>\n<meta property=\"og:type\" content=\"article\" \/>\n<meta property=\"og:title\" content=\"Partner - ARIS Immobilien &amp; Finanzierungen\" \/>\n<meta property=\"og:description\" content=\"Ausgew\u00e4hlte Partner G_2_Lab: Architekturb\u00fcro K-Studio: Architekturb\u00fcro ARISTON Hausverwaltung Alle in Deutschland ans\u00e4ssige Banken\" \/>\n<meta property=\"og:url\" content=\"https:\/\/argo-invest.com\/?page_id=465\" \/>\n<meta property=\"og:site_name\" content=\"ARIS Immobilien &amp; Finanzierungen\" \/>\n<meta property=\"article:modified_time\" content=\"2023-07-03T19:29:25+00:00\" \/>\n<meta name=\"twitter:card\" content=\"summary_large_image\" \/>\n<meta name=\"twitter:label1\" content=\"Gesch\u00e4tzte Lesezeit\" \/>\n\t<meta name=\"twitter:data1\" content=\"1\u00a0Minute\" \/>\n<script type=\"application\/ld+json\" class=\"yoast-schema-graph\">{\"@context\":\"https:\/\/schema.org\",\"@graph\":[{\"@type\":\"WebPage\",\"@id\":\"https:\/\/argo-invest.com\/?page_id=465\",\"url\":\"https:\/\/argo-invest.com\/?page_id=465\",\"name\":\"Partner - ARIS Immobilien &amp; Finanzierungen\",\"isPartOf\":{\"@id\":\"https:\/\/argo-invest.com\/#website\"},\"datePublished\":\"2020-02-15T13:14:11+00:00\",\"dateModified\":\"2023-07-03T19:29:25+00:00\",\"breadcrumb\":{\"@id\":\"https:\/\/argo-invest.com\/?page_id=465#breadcrumb\"},\"inLanguage\":\"de\",\"potentialAction\":[{\"@type\":\"ReadAction\",\"target\":[\"https:\/\/argo-invest.com\/?page_id=465\"]}]},{\"@type\":\"BreadcrumbList\",\"@id\":\"https:\/\/argo-invest.com\/?page_id=465#breadcrumb\",\"itemListElement\":[{\"@type\":\"ListItem\",\"position\":1,\"name\":\"Startseite\",\"item\":\"https:\/\/argo-invest.com\/\"},{\"@type\":\"ListItem\",\"position\":2,\"name\":\"Partner\"}]},{\"@type\":\"WebSite\",\"@id\":\"https:\/\/argo-invest.com\/#website\",\"url\":\"https:\/\/argo-invest.com\/\",\"name\":\"argo-invest.com\",\"description\":\"Aristidis Tziatzios\",\"publisher\":{\"@id\":\"https:\/\/argo-invest.com\/#organization\"},\"potentialAction\":[{\"@type\":\"SearchAction\",\"target\":{\"@type\":\"EntryPoint\",\"urlTemplate\":\"https:\/\/argo-invest.com\/?s={search_term_string}\"},\"query-input\":{\"@type\":\"PropertyValueSpecification\",\"valueRequired\":true,\"valueName\":\"search_term_string\"}}],\"inLanguage\":\"de\"},{\"@type\":\"Organization\",\"@id\":\"https:\/\/argo-invest.com\/#organization\",\"name\":\"ARGO Invest GmbH\",\"url\":\"https:\/\/argo-invest.com\/\",\"logo\":{\"@type\":\"ImageObject\",\"inLanguage\":\"de\",\"@id\":\"https:\/\/argo-invest.com\/#\/schema\/logo\/image\/\",\"url\":\"https:\/\/argo-invest.com\/wp-content\/uploads\/2019\/10\/Argo-web-blau.png\",\"contentUrl\":\"https:\/\/argo-invest.com\/wp-content\/uploads\/2019\/10\/Argo-web-blau.png\",\"width\":770,\"height\":215,\"caption\":\"ARGO Invest GmbH\"},\"image\":{\"@id\":\"https:\/\/argo-invest.com\/#\/schema\/logo\/image\/\"}}]}<\/script>\n<!-- \/ Yoast SEO plugin. -->","yoast_head_json":{"title":"Partner - ARIS Immobilien &amp; Finanzierungen","robots":{"index":"index","follow":"follow","max-snippet":"max-snippet:-1","max-image-preview":"max-image-preview:large","max-video-preview":"max-video-preview:-1"},"canonical":"https:\/\/argo-invest.com\/?page_id=465","og_locale":"de_DE","og_type":"article","og_title":"Partner - ARIS Immobilien &amp; Finanzierungen","og_description":"Ausgew\u00e4hlte Partner G_2_Lab: Architekturb\u00fcro K-Studio: Architekturb\u00fcro ARISTON Hausverwaltung Alle in Deutschland ans\u00e4ssige Banken","og_url":"https:\/\/argo-invest.com\/?page_id=465","og_site_name":"ARIS Immobilien &amp; Finanzierungen","article_modified_time":"2023-07-03T19:29:25+00:00","twitter_card":"summary_large_image","twitter_misc":{"Gesch\u00e4tzte Lesezeit":"1\u00a0Minute"},"schema":{"@context":"https:\/\/schema.org","@graph":[{"@type":"WebPage","@id":"https:\/\/argo-invest.com\/?page_id=465","url":"https:\/\/argo-invest.com\/?page_id=465","name":"Partner - ARIS Immobilien &amp; Finanzierungen","isPartOf":{"@id":"https:\/\/argo-invest.com\/#website"},"datePublished":"2020-02-15T13:14:11+00:00","dateModified":"2023-07-03T19:29:25+00:00","breadcrumb":{"@id":"https:\/\/argo-invest.com\/?page_id=465#breadcrumb"},"inLanguage":"de","potentialAction":[{"@type":"ReadAction","target":["https:\/\/argo-invest.com\/?page_id=465"]}]},{"@type":"BreadcrumbList","@id":"https:\/\/argo-invest.com\/?page_id=465#breadcrumb","itemListElement":[{"@type":"ListItem","position":1,"name":"Startseite","item":"https:\/\/argo-invest.com\/"},{"@type":"ListItem","position":2,"name":"Partner"}]},{"@type":"WebSite","@id":"https:\/\/argo-invest.com\/#website","url":"https:\/\/argo-invest.com\/","name":"argo-invest.com","description":"Aristidis Tziatzios","publisher":{"@id":"https:\/\/argo-invest.com\/#organization"},"potentialAction":[{"@type":"SearchAction","target":{"@type":"EntryPoint","urlTemplate":"https:\/\/argo-invest.com\/?s={search_term_string}"},"query-input":{"@type":"PropertyValueSpecification","valueRequired":true,"valueName":"search_term_string"}}],"inLanguage":"de"},{"@type":"Organization","@id":"https:\/\/argo-invest.com\/#organization","name":"ARGO Invest GmbH","url":"https:\/\/argo-invest.com\/","logo":{"@type":"ImageObject","inLanguage":"de","@id":"https:\/\/argo-invest.com\/#\/schema\/logo\/image\/","url":"https:\/\/argo-invest.com\/wp-content\/uploads\/2019\/10\/Argo-web-blau.png","contentUrl":"https:\/\/argo-invest.com\/wp-content\/uploads\/2019\/10\/Argo-web-blau.png","width":770,"height":215,"caption":"ARGO Invest GmbH"},"image":{"@id":"https:\/\/argo-invest.com\/#\/schema\/logo\/image\/"}}]}},"_links":{"self":[{"href":"https:\/\/argo-invest.com\/index.php?rest_route=\/wp\/v2\/pages\/465"}],"collection":[{"href":"https:\/\/argo-invest.com\/index.php?rest_route=\/wp\/v2\/pages"}],"about":[{"href":"https:\/\/argo-invest.com\/index.php?rest_route=\/wp\/v2\/types\/page"}],"author":[{"embeddable":true,"href":"https:\/\/argo-invest.com\/index.php?rest_route=\/wp\/v2\/users\/1"}],"replies":[{"embeddable":true,"href":"https:\/\/argo-invest.com\/index.php?rest_route=%2Fwp%2Fv2%2Fcomments&post=465"}],"version-history":[{"count":10,"href":"https:\/\/argo-invest.com\/index.php?rest_route=\/wp\/v2\/pages\/465\/revisions"}],"predecessor-version":[{"id":1045,"href":"https:\/\/argo-invest.com\/index.php?rest_route=\/wp\/v2\/pages\/465\/revisions\/1045"}],"wp:attachment":[{"href":"https:\/\/argo-invest.com\/index.php?rest_route=%2Fwp%2Fv2%2Fmedia&parent=465"}],"curies":[{"name":"wp","href":"https:\/\/api.w.org\/{rel}","templated":true}]}}