{"id":477,"date":"2020-04-15T12:36:26","date_gmt":"2020-04-15T12:36:26","guid":{"rendered":"http:\/\/argo-invest.com\/?page_id=477"},"modified":"2023-07-03T19:40:00","modified_gmt":"2023-07-03T19:40:00","slug":"agbs","status":"publish","type":"page","link":"https:\/\/argo-invest.com\/?page_id=477","title":{"rendered":"AGB&#8217;s"},"content":{"rendered":"\t\t<div data-elementor-type=\"wp-page\" data-elementor-id=\"477\" class=\"elementor elementor-477\">\n\t\t\t\t\t\t<section class=\"elementor-section elementor-top-section elementor-element elementor-element-764f4dd8 elementor-section-boxed elementor-section-height-default elementor-section-height-default\" data-id=\"764f4dd8\" data-element_type=\"section\">\n\t\t\t\t\t\t<div class=\"elementor-container elementor-column-gap-default\">\n\t\t\t\t\t<div class=\"elementor-column elementor-col-100 elementor-top-column elementor-element elementor-element-758d03be\" data-id=\"758d03be\" data-element_type=\"column\">\n\t\t\t<div class=\"elementor-widget-wrap elementor-element-populated\">\n\t\t\t\t\t\t<div class=\"elementor-element elementor-element-122d4ce6 elementor-widget elementor-widget-text-editor\" data-id=\"122d4ce6\" data-element_type=\"widget\" data-widget_type=\"text-editor.default\">\n\t\t\t\t<div class=\"elementor-widget-container\">\n\t\t\t\t\t\t\t\t\t<p><\/p>\n<p><strong>Allgemeine Gesch\u00e4ftsbedingungen<\/strong><\/p>\n<p><\/p>\n<p><strong>1. Geltungsbereich und Anbieter<\/strong><\/p>\n<p><\/p>\n<p>Diese &#8222;Allgemeinen Gesch\u00e4ftsbedingungen&#8220; gelten f\u00fcr alle Bestellungen, die gegen\u00fcber ARIS Kreditberater, Adolf-Todt-Str. 15 65203 Wiesbaden abgeben, nachfolgend als Verk\u00e4ufer bezeichnet, durch einen Unternehmer, nachfolgend K\u00e4ufer genannt, abgegeben werden. Ein Kaufvertrag kommt durch das unterschreiben der Auftragsbest\u00e4tigung des Verk\u00e4ufers, sp\u00e4testens durch die vorbehaltslose Annahme der Ware durch den K\u00e4ufer zustande. Die Best\u00e4tigung des Zugangs der Bestellung stellt ausdr\u00fccklich noch keine Annahme des Kaufangebotes dar. Sollte eine Auftragsbest\u00e4tigung Fehler (Schreib- und Druckfehler) enthalten oder sollten der Preisfestlegung technisch bedingte \u00dcbermittlungsfehler zu Grunde liegen, so ist der Verk\u00e4ufer zur Anfechtung berechtigt. Diesbez\u00fcglich muss stets Beweis durch den Verk\u00e4ufer Unternehmung gef\u00fchrt werden.&nbsp;<\/p>\n<p><\/p>\n<p><strong>2. Lieferung \/ Gew\u00e4hrleistung<\/strong><\/p>\n<p><\/p>\n<p>Der Verkauf der Produkte erfolgt unverz\u00fcglich nach Eingang des Kaufpreises. Sollten individuelle Lieferfristen vereinbart werden, dann ist auf diese Bezug zu nehmen. Der K\u00e4ufer best\u00e4tigt durch die Ableistung seiner Unterschrift und seines Stempels die vereinbarte Lieferzeit und ist mit vorherigen Informationen \u00fcber die \u00dcberschreitung der Lieferzeiten einverstanden insoweit kein Fixtermin vereinbart ist. Sollte die Zustellung der Ware trotz dreimaligem Auslieferversuchs scheitern, kann der Verk\u00e4ufer vom Vertrag zur\u00fccktreten und einen Ersatzverkauf durchf\u00fchren. Bestellungen, die im Express- Versand ausgef\u00fchrt werden sollen, verlassen am selben Tag unser Haus es sei denn diese m\u00fcssen gesondert bestellt werden und die Anlieferung durch den Produzenten abh\u00e4ngig ist. F\u00fcr M\u00e4ngelanspr\u00fcche gelten die gesetzlichen Bestimmungen.<\/p>\n<p><\/p>\n<p><strong>3. Preise \/ Bestellvorgang<\/strong><\/p>\n<p><\/p>\n<p>Die auf den Angeboten genannten Preise und sonstige Preisbestandteile verstehen sich zzgl. der in Betracht kommenden Versandkosten und der gesetzlich geltenden Mehrwertsteuer in H\u00f6he von derzeit 19 %. Die Zahlung erfolgt wahlweise per Vorkasse, Nachnahme, Pay Pal und weiteren Alternativen, es sei denn, es ist im Angebot beziehungsweise in der Auftragsbest\u00e4tigung etwas Anderweitiges vereinbart. Der Verk\u00e4ufer beh\u00e4lt sich vor, einzelne Zahlungsarten auszuschlie\u00dfen. Es gelten die Preise zum Zeitpunkt der Bestellung.&nbsp;<\/p>\n<p><\/p>\n<p><strong>4. Versandkosten<\/strong><\/p>\n<p><\/p>\n<p>F\u00fcr die Lieferung innerhalb Deutschlands berechnet der Verk\u00e4ufer, die am Ende jeder Bestellung detailliert angegebenen Versandkosten pro Bestellung. Der Verk\u00e4ufer ermittelt in Voraus diese Kosten und gibt sie an den K\u00e4ufer weiter.&nbsp;<\/p>\n<p><\/p>\n<p><strong>5. Zahlung \/ Recht zur Aufrechnung<\/strong><\/p>\n<p><\/p>\n<p>Ein Recht zur Aufrechnung steht dem K\u00e4ufer nur dann zu, wenn seine Gegenanspr\u00fcche rechtskr\u00e4ftig gerichtlich festgestellt oder schriftlich durch den Verk\u00e4ufer anerkannt wurden oder unbestritten sind. Der K\u00e4ufer kann Zur\u00fcckbehaltungsrecht nur aus\u00fcben, soweit die Anspr\u00fcche aus dem gleichen Vertragsverh\u00e4ltnis resultieren.<\/p>\n<p><\/p>\n<p><strong>6. Eigentumsvorbehalt<\/strong><\/p>\n<p><\/p>\n<p>Die Ware bleibt bis zur vollst\u00e4ndigen Zahlung Eigentum des Verk\u00e4ufers. Vor \u00dcbergang des Eigentums ist eine Verpf\u00e4ndung, Sicherungs\u00fcbereignung oder Verarbeitung ohne Zustimmung des Verk\u00e4ufers nicht gestattet.<\/p>\n<p><\/p>\n<p><strong>7. Transportsch\u00e4den<\/strong><\/p>\n<p><\/p>\n<p>Werden Waren mit offensichtlichen Transportsch\u00e4den angeliefert, so hat der K\u00e4ufer diese unverz\u00fcglich zu reklamieren, und zwar m\u00f6glichst bei dem Zusteller und mit dem Verk\u00e4ufer schnellstm\u00f6glich Kontakt &#8211; bevorzugt per Email und Fax- aufzunehmen.&nbsp;<\/p>\n<p><\/p>\n<p><strong>8. Kauf auf Rechnung<\/strong><\/p>\n<p><\/p>\n<p>Der Verk\u00e4ufer beh\u00e4lt sich das Recht vor, selbst \u00fcber den Verkauf von Waren auf Rechnung zu entscheiden. Diesbez\u00fcglich ist es ihm selbst \u00fcberlassen eine Entscheidung zu treffen, ob es zu einem Kaufvertrag auf Rechnung kommen soll oder nicht. Seine Entscheidung hat der Verk\u00e4ufer dem K\u00e4ufer unverz\u00fcglich einem Anfragenden mitzuteilen.<\/p>\n<p><\/p>\n<p><strong>9. Datenschutz und Bonit\u00e4tspr\u00fcfung<\/strong><\/p>\n<p><\/p>\n<p>Der Verk\u00e4ufer verwendet die durch potentielle K\u00e4ufer und Interessenten mitgeteilten Daten in erster Linie zur Auftragsabwicklung. Die Daten der K\u00e4ufer werden unter Beachtung der einschl\u00e4gigen Vorschriften des Bundesdatenschutzgesetzes (BDSG) und des Telemediengesetzes (TMG) vom Verk\u00e4ufer gespeichert und verarbeitet. Pers\u00f6nliche Daten werden ausschlie\u00dflich zur Abwicklung der Bestellung erfragt, es sei denn, der K\u00e4ufer w\u00fcnscht zus\u00e4tzliche Service-Dienstleistungen. Der K\u00e4ufer willigt darin ein, dass seine personenbezogenen Daten zur Erf\u00fcllung des Gesch\u00e4ftszweckes vom Verk\u00e4ufer erhoben, verarbeitet und genutzt werden.<\/p>\n<p><\/p>\n<p>Zu diesem Zweck erfolgt, soweit erforderlich und dem Wunsch der K\u00e4ufer entsprechend, eine Weitergabe der Daten der K\u00e4ufer an andere Unternehmen, z.B. an solche Lieferanten, die die Ware direkt ab Werk zustellen. Diese Unternehmen d\u00fcrfen die Daten der K\u00e4ufer nur zur Auftragsabwicklung und nicht zu weiteren Zwecken nutzen. Im \u00fcbrigem pflegt der Verk\u00e4ufer zum Zwecke der Kreditpr\u00fcfung einen Datenaustausch mit Auskunfteien. Der Verk\u00e4ufer bezieht Bonit\u00e4tsinformationen auf Basis mathematisch-statistischer Verfahren sowie Informationen zum bisherigen Zahlverhalten der K\u00e4ufer. Bei Ratenzahlungs- und Kreditk\u00e4ufen werden K\u00e4uferdaten an die SCHUFA (Schutzgemeinschaft f\u00fcr allgemeine Kreditsicherung) \u00fcbermittelt und zum Zwecke der Kreditsicherung gepr\u00fcft. Der K\u00e4ufer kann je nach Wunsch Auskunft bei der SCHUFA \u00fcber die ihn betreffenden Daten erhalten. Diesbez\u00fcglich hat er direkten Kontakt zur <a href=\"http:\/\/www.schufa.de\">www.schufa.de<\/a> zu nehmen. Bei K\u00e4ufern, die per Nachnahme oder Vorauskasse beim Verk\u00e4ufer bestellen und damit f\u00fcr den Verk\u00e4ufer kein Zahlungsausfallrisiko besteht, findet \u00fcblicherweise keine Daten\u00fcbermittlung an oben genannte Firmen statt. Die Bestellungen der K\u00e4ufer werden beim Verk\u00e4ufer gespeichert.<\/p>\n<p><\/p>\n<p>Der K\u00e4ufer hat ein Auskunftsrecht sowie einen Berichtigungs-, Sperrungs- und L\u00f6schungsanspruch seiner personenbezogenen gespeicherten Daten. Der K\u00e4ufer kann jederzeit eine L\u00f6schung seiner Daten erwirken. Er hat ferner das Recht jederzeit Auskunft \u00fcber den Stand seiner gespeicherten Daten zu verlangen unter der E-Mail: <a href=\"mailto:info@argo-invest.com\">info@<\/a>aris-kreditberate.de. Sofern einer L\u00f6schung gesetzliche oder vertragliche Aufbewahrungspflichten entgegenstehen, werden die Daten gesperrt.&nbsp;<\/p>\n<p><span style=\"color: var( --e-global-color-text );\">Weitere Informationen finden Sie unter <\/span><a style=\"background-color: #ffffff;\" href=\"https:\/\/argo-invest.com\/?page_id=93(\u00f6ffnet in neuem Tab)\">Datenschutz<\/a><\/p>\n<p><\/p>\n<p><strong>10. Schlussbestimmungen<\/strong><\/p>\n<p><\/p>\n<p>Sollte eine Bestimmung dieser Allgemeinen Gesch\u00e4ftsbedingungen unwirksam sein, so bleibt der Vertrag im \u00fcbrigem wirksam. Anstelle der unwirksamen Bestimmung gelten die einschl\u00e4gigen gesetzlichen Vorschriften. Es gilt deutsches Recht. Hat der private Endverbraucher keinen Wohnsitz innerhalb der Europ\u00e4ischen Union, so ist unser Gesch\u00e4ftssitz Gerichtsstand. Im Verkehr mit Endverbrauchern innerhalb der Europ\u00e4ischen Union kann auch das Recht am Wohnsitz des Endverbrauchers anwendbar sein, sofern es sich zwingend um verbraucherrechtliche Bestimmungen handelt.&nbsp;<\/p>\n<p><\/p>\n<p>Sofern eine Bestimmung dieser AGB unwirksam ist, bleiben die \u00fcbrigen Bestimmungen davon unber\u00fchrt. Die unwirksame Bestimmung gilt als durch eine solche ersetzt, die dem Sinn und Zweck der unwirksamen Bestimmung in rechtswirksamer Weise wirtschaftlich am n\u00e4chsten kommt. Gleiches gilt f\u00fcr eventuelle&nbsp;Regelungsl\u00fccken.<\/p>\n<p><\/p>\n<p>ARIS Kreditberater, Adolf-Todt-Stra\u00dfe, 65203 Wiesbaden<\/p>\n<p>Erreichbar:<\/p>\n<p>&nbsp;Mo.-Fr. 10:00-12:00<\/p>\n<p><\/p>\n<p><\/p>\n<p>Email: info@aris-kreditberater.de &#8211; Internet: www.aris-kreditberater.de<\/p>\n<p><\/p>\n<p>ARIS Kreditberater &#8211; Aristidis Tziatzios<\/p>\n<p><\/p>\n<p>Finanzamt Wiesbaden , USt-IdNr.: in Vergabe<\/p>\n<p><\/p>\n<p><\/p>\n<p><\/p>\t\t\t\t\t\t\t\t<\/div>\n\t\t\t\t<\/div>\n\t\t\t\t\t<\/div>\n\t\t<\/div>\n\t\t\t\t\t<\/div>\n\t\t<\/section>\n\t\t\t\t<\/div>\n\t\t","protected":false},"excerpt":{"rendered":"<p>Allgemeine Gesch\u00e4ftsbedingungen 1. Geltungsbereich und Anbieter Diese &#8222;Allgemeinen Gesch\u00e4ftsbedingungen&#8220; gelten f\u00fcr alle Bestellungen, die gegen\u00fcber ARIS Kreditberater, Adolf-Todt-Str. 15 65203 Wiesbaden abgeben, nachfolgend als Verk\u00e4ufer bezeichnet, durch einen Unternehmer, nachfolgend K\u00e4ufer genannt, abgegeben werden. Ein Kaufvertrag kommt durch das unterschreiben der Auftragsbest\u00e4tigung des Verk\u00e4ufers, sp\u00e4testens durch die vorbehaltslose Annahme der Ware durch den K\u00e4ufer zustande. &hellip; <\/p>\n<p class=\"link-more\"><a href=\"https:\/\/argo-invest.com\/?page_id=477\" class=\"more-link\">Continue reading<span class=\"screen-reader-text\"> &#8222;AGB&#8217;s&#8220;<\/span><\/a><\/p>\n","protected":false},"author":1,"featured_media":0,"parent":0,"menu_order":0,"comment_status":"closed","ping_status":"closed","template":"","meta":{"_monsterinsights_skip_tracking":false,"_monsterinsights_sitenote_active":false,"_monsterinsights_sitenote_note":"","_monsterinsights_sitenote_category":0,"footnotes":""},"yoast_head":"<!-- This site is optimized with the Yoast SEO plugin v23.5 - https:\/\/yoast.com\/wordpress\/plugins\/seo\/ -->\n<title>AGB&#039;s - ARIS Immobilien &amp; Finanzierungen<\/title>\n<meta name=\"robots\" content=\"index, follow, max-snippet:-1, max-image-preview:large, max-video-preview:-1\" \/>\n<link rel=\"canonical\" href=\"https:\/\/argo-invest.com\/?page_id=477\" \/>\n<meta property=\"og:locale\" content=\"de_DE\" \/>\n<meta property=\"og:type\" content=\"article\" \/>\n<meta property=\"og:title\" content=\"AGB&#039;s - ARIS Immobilien &amp; Finanzierungen\" \/>\n<meta property=\"og:description\" content=\"Allgemeine Gesch\u00e4ftsbedingungen 1. Geltungsbereich und Anbieter Diese &#8222;Allgemeinen Gesch\u00e4ftsbedingungen&#8220; gelten f\u00fcr alle Bestellungen, die gegen\u00fcber ARIS Kreditberater, Adolf-Todt-Str. 15 65203 Wiesbaden abgeben, nachfolgend als Verk\u00e4ufer bezeichnet, durch einen Unternehmer, nachfolgend K\u00e4ufer genannt, abgegeben werden. Ein Kaufvertrag kommt durch das unterschreiben der Auftragsbest\u00e4tigung des Verk\u00e4ufers, sp\u00e4testens durch die vorbehaltslose Annahme der Ware durch den K\u00e4ufer zustande. &hellip; Continue reading &quot;AGB&#8217;s&quot;\" \/>\n<meta property=\"og:url\" content=\"https:\/\/argo-invest.com\/?page_id=477\" \/>\n<meta property=\"og:site_name\" content=\"ARIS Immobilien &amp; Finanzierungen\" \/>\n<meta property=\"article:modified_time\" content=\"2023-07-03T19:40:00+00:00\" \/>\n<meta name=\"twitter:card\" content=\"summary_large_image\" \/>\n<meta name=\"twitter:label1\" content=\"Gesch\u00e4tzte Lesezeit\" \/>\n\t<meta name=\"twitter:data1\" content=\"6\u00a0Minuten\" \/>\n<script type=\"application\/ld+json\" class=\"yoast-schema-graph\">{\"@context\":\"https:\/\/schema.org\",\"@graph\":[{\"@type\":\"WebPage\",\"@id\":\"https:\/\/argo-invest.com\/?page_id=477\",\"url\":\"https:\/\/argo-invest.com\/?page_id=477\",\"name\":\"AGB's - ARIS Immobilien &amp; Finanzierungen\",\"isPartOf\":{\"@id\":\"https:\/\/argo-invest.com\/#website\"},\"datePublished\":\"2020-04-15T12:36:26+00:00\",\"dateModified\":\"2023-07-03T19:40:00+00:00\",\"breadcrumb\":{\"@id\":\"https:\/\/argo-invest.com\/?page_id=477#breadcrumb\"},\"inLanguage\":\"de\",\"potentialAction\":[{\"@type\":\"ReadAction\",\"target\":[\"https:\/\/argo-invest.com\/?page_id=477\"]}]},{\"@type\":\"BreadcrumbList\",\"@id\":\"https:\/\/argo-invest.com\/?page_id=477#breadcrumb\",\"itemListElement\":[{\"@type\":\"ListItem\",\"position\":1,\"name\":\"Startseite\",\"item\":\"https:\/\/argo-invest.com\/\"},{\"@type\":\"ListItem\",\"position\":2,\"name\":\"AGB&#8217;s\"}]},{\"@type\":\"WebSite\",\"@id\":\"https:\/\/argo-invest.com\/#website\",\"url\":\"https:\/\/argo-invest.com\/\",\"name\":\"argo-invest.com\",\"description\":\"Aristidis Tziatzios\",\"publisher\":{\"@id\":\"https:\/\/argo-invest.com\/#organization\"},\"potentialAction\":[{\"@type\":\"SearchAction\",\"target\":{\"@type\":\"EntryPoint\",\"urlTemplate\":\"https:\/\/argo-invest.com\/?s={search_term_string}\"},\"query-input\":{\"@type\":\"PropertyValueSpecification\",\"valueRequired\":true,\"valueName\":\"search_term_string\"}}],\"inLanguage\":\"de\"},{\"@type\":\"Organization\",\"@id\":\"https:\/\/argo-invest.com\/#organization\",\"name\":\"ARGO Invest GmbH\",\"url\":\"https:\/\/argo-invest.com\/\",\"logo\":{\"@type\":\"ImageObject\",\"inLanguage\":\"de\",\"@id\":\"https:\/\/argo-invest.com\/#\/schema\/logo\/image\/\",\"url\":\"https:\/\/argo-invest.com\/wp-content\/uploads\/2019\/10\/Argo-web-blau.png\",\"contentUrl\":\"https:\/\/argo-invest.com\/wp-content\/uploads\/2019\/10\/Argo-web-blau.png\",\"width\":770,\"height\":215,\"caption\":\"ARGO Invest GmbH\"},\"image\":{\"@id\":\"https:\/\/argo-invest.com\/#\/schema\/logo\/image\/\"}}]}<\/script>\n<!-- \/ Yoast SEO plugin. -->","yoast_head_json":{"title":"AGB's - ARIS Immobilien &amp; Finanzierungen","robots":{"index":"index","follow":"follow","max-snippet":"max-snippet:-1","max-image-preview":"max-image-preview:large","max-video-preview":"max-video-preview:-1"},"canonical":"https:\/\/argo-invest.com\/?page_id=477","og_locale":"de_DE","og_type":"article","og_title":"AGB's - ARIS Immobilien &amp; Finanzierungen","og_description":"Allgemeine Gesch\u00e4ftsbedingungen 1. Geltungsbereich und Anbieter Diese &#8222;Allgemeinen Gesch\u00e4ftsbedingungen&#8220; gelten f\u00fcr alle Bestellungen, die gegen\u00fcber ARIS Kreditberater, Adolf-Todt-Str. 15 65203 Wiesbaden abgeben, nachfolgend als Verk\u00e4ufer bezeichnet, durch einen Unternehmer, nachfolgend K\u00e4ufer genannt, abgegeben werden. Ein Kaufvertrag kommt durch das unterschreiben der Auftragsbest\u00e4tigung des Verk\u00e4ufers, sp\u00e4testens durch die vorbehaltslose Annahme der Ware durch den K\u00e4ufer zustande. &hellip; Continue reading \"AGB&#8217;s\"","og_url":"https:\/\/argo-invest.com\/?page_id=477","og_site_name":"ARIS Immobilien &amp; Finanzierungen","article_modified_time":"2023-07-03T19:40:00+00:00","twitter_card":"summary_large_image","twitter_misc":{"Gesch\u00e4tzte Lesezeit":"6\u00a0Minuten"},"schema":{"@context":"https:\/\/schema.org","@graph":[{"@type":"WebPage","@id":"https:\/\/argo-invest.com\/?page_id=477","url":"https:\/\/argo-invest.com\/?page_id=477","name":"AGB's - ARIS Immobilien &amp; Finanzierungen","isPartOf":{"@id":"https:\/\/argo-invest.com\/#website"},"datePublished":"2020-04-15T12:36:26+00:00","dateModified":"2023-07-03T19:40:00+00:00","breadcrumb":{"@id":"https:\/\/argo-invest.com\/?page_id=477#breadcrumb"},"inLanguage":"de","potentialAction":[{"@type":"ReadAction","target":["https:\/\/argo-invest.com\/?page_id=477"]}]},{"@type":"BreadcrumbList","@id":"https:\/\/argo-invest.com\/?page_id=477#breadcrumb","itemListElement":[{"@type":"ListItem","position":1,"name":"Startseite","item":"https:\/\/argo-invest.com\/"},{"@type":"ListItem","position":2,"name":"AGB&#8217;s"}]},{"@type":"WebSite","@id":"https:\/\/argo-invest.com\/#website","url":"https:\/\/argo-invest.com\/","name":"argo-invest.com","description":"Aristidis Tziatzios","publisher":{"@id":"https:\/\/argo-invest.com\/#organization"},"potentialAction":[{"@type":"SearchAction","target":{"@type":"EntryPoint","urlTemplate":"https:\/\/argo-invest.com\/?s={search_term_string}"},"query-input":{"@type":"PropertyValueSpecification","valueRequired":true,"valueName":"search_term_string"}}],"inLanguage":"de"},{"@type":"Organization","@id":"https:\/\/argo-invest.com\/#organization","name":"ARGO Invest GmbH","url":"https:\/\/argo-invest.com\/","logo":{"@type":"ImageObject","inLanguage":"de","@id":"https:\/\/argo-invest.com\/#\/schema\/logo\/image\/","url":"https:\/\/argo-invest.com\/wp-content\/uploads\/2019\/10\/Argo-web-blau.png","contentUrl":"https:\/\/argo-invest.com\/wp-content\/uploads\/2019\/10\/Argo-web-blau.png","width":770,"height":215,"caption":"ARGO Invest GmbH"},"image":{"@id":"https:\/\/argo-invest.com\/#\/schema\/logo\/image\/"}}]}},"_links":{"self":[{"href":"https:\/\/argo-invest.com\/index.php?rest_route=\/wp\/v2\/pages\/477"}],"collection":[{"href":"https:\/\/argo-invest.com\/index.php?rest_route=\/wp\/v2\/pages"}],"about":[{"href":"https:\/\/argo-invest.com\/index.php?rest_route=\/wp\/v2\/types\/page"}],"author":[{"embeddable":true,"href":"https:\/\/argo-invest.com\/index.php?rest_route=\/wp\/v2\/users\/1"}],"replies":[{"embeddable":true,"href":"https:\/\/argo-invest.com\/index.php?rest_route=%2Fwp%2Fv2%2Fcomments&post=477"}],"version-history":[{"count":11,"href":"https:\/\/argo-invest.com\/index.php?rest_route=\/wp\/v2\/pages\/477\/revisions"}],"predecessor-version":[{"id":1048,"href":"https:\/\/argo-invest.com\/index.php?rest_route=\/wp\/v2\/pages\/477\/revisions\/1048"}],"wp:attachment":[{"href":"https:\/\/argo-invest.com\/index.php?rest_route=%2Fwp%2Fv2%2Fmedia&parent=477"}],"curies":[{"name":"wp","href":"https:\/\/api.w.org\/{rel}","templated":true}]}}