{"id":592,"date":"2020-04-15T16:59:12","date_gmt":"2020-04-15T16:59:12","guid":{"rendered":"http:\/\/argo-invest.com\/?page_id=592"},"modified":"2020-05-28T13:02:36","modified_gmt":"2020-05-28T13:02:36","slug":"architektur-design","status":"publish","type":"page","link":"https:\/\/argo-invest.com\/?page_id=592","title":{"rendered":"Architektur &#038; Design"},"content":{"rendered":"\n<p><strong><em>Auszug aus unseren Projekten:<\/em><\/strong> <a href=\"http:\/\/argo-invest.com\/wp-content\/uploads\/2020\/04\/G2lab-Presentation_Architektur.pdf\">Download pdf hier!<\/a><\/p>\n\n\n\n<p>Von A bis Z \u2013 von Standard bis Individuell! Wir bitten den umfassenden Service f\u00fcr Hauseigent\u00fcmer, Verwaltungen und Bautr\u00e4ger.<\/p>\n\n\n\n<p>Wir stehen f\u00fcr: <br><em>Optimale Beratung und Betreuung vor und w\u00e4hrend Ihres Bauvorhabens!<\/em><\/p>\n\n\n\n<ul><li><strong>Ein faires Preis-Leistungsverh\u00e4ltnis<\/strong><\/li><li><strong>Qualitativ hochwertige Arbeit<\/strong><\/li><li><strong>Termingerechte Ausf\u00fchrung <\/strong><\/li><li><strong>Projektmanagement<\/strong><\/li><\/ul>\n\n\n\n<p>Zu unseren Spezialisierungen geh\u00f6ren folgende Dienstleistungen:<\/p>\n\n\n\n<ul><li><strong>Architektonisches Design<\/strong><\/li><li><strong>Fenster und T\u00fcren<\/strong><\/li><li><strong>LED Beleuchtungen<\/strong><\/li><li><strong>LED Sicherheitsbeleuchtungen<\/strong><\/li><\/ul>\n\n\n\n<p><strong><em>Auszug aus unseren Projekten:<\/em><\/strong> <a href=\"http:\/\/argo-invest.com\/wp-content\/uploads\/2020\/04\/G2lab-Presentation_Architektur.pdf\">Download pdf hier!<\/a><\/p>\n","protected":false},"excerpt":{"rendered":"<p>Auszug aus unseren Projekten: Download pdf hier! Von A bis Z \u2013 von Standard bis Individuell! Wir bitten den umfassenden Service f\u00fcr Hauseigent\u00fcmer, Verwaltungen und Bautr\u00e4ger. Wir stehen f\u00fcr: Optimale Beratung und Betreuung vor und w\u00e4hrend Ihres Bauvorhabens! Ein faires Preis-Leistungsverh\u00e4ltnis Qualitativ hochwertige Arbeit Termingerechte Ausf\u00fchrung Projektmanagement Zu unseren Spezialisierungen geh\u00f6ren folgende Dienstleistungen: Architektonisches Design &hellip; <\/p>\n<p class=\"link-more\"><a href=\"https:\/\/argo-invest.com\/?page_id=592\" class=\"more-link\">Continue reading<span class=\"screen-reader-text\"> &#8222;Architektur &#038; Design&#8220;<\/span><\/a><\/p>\n","protected":false},"author":1,"featured_media":0,"parent":0,"menu_order":0,"comment_status":"closed","ping_status":"closed","template":"","meta":{"_monsterinsights_skip_tracking":false,"_monsterinsights_sitenote_active":false,"_monsterinsights_sitenote_note":"","_monsterinsights_sitenote_category":0,"footnotes":""},"yoast_head":"<!-- This site is optimized with the Yoast SEO plugin v23.5 - https:\/\/yoast.com\/wordpress\/plugins\/seo\/ -->\n<title>Architektur &amp; Design - ARIS Immobilien &amp; Finanzierungen<\/title>\n<meta name=\"robots\" content=\"index, follow, max-snippet:-1, max-image-preview:large, max-video-preview:-1\" \/>\n<link rel=\"canonical\" href=\"https:\/\/argo-invest.com\/?page_id=592\" \/>\n<meta property=\"og:locale\" content=\"de_DE\" \/>\n<meta property=\"og:type\" content=\"article\" \/>\n<meta property=\"og:title\" content=\"Architektur &amp; Design - ARIS Immobilien &amp; Finanzierungen\" \/>\n<meta property=\"og:description\" content=\"Auszug aus unseren Projekten: Download pdf hier! Von A bis Z \u2013 von Standard bis Individuell! Wir bitten den umfassenden Service f\u00fcr Hauseigent\u00fcmer, Verwaltungen und Bautr\u00e4ger. Wir stehen f\u00fcr: Optimale Beratung und Betreuung vor und w\u00e4hrend Ihres Bauvorhabens! Ein faires Preis-Leistungsverh\u00e4ltnis Qualitativ hochwertige Arbeit Termingerechte Ausf\u00fchrung Projektmanagement Zu unseren Spezialisierungen geh\u00f6ren folgende Dienstleistungen: Architektonisches Design &hellip; Continue reading &quot;Architektur &#038; Design&quot;\" \/>\n<meta property=\"og:url\" content=\"https:\/\/argo-invest.com\/?page_id=592\" \/>\n<meta property=\"og:site_name\" content=\"ARIS Immobilien &amp; Finanzierungen\" \/>\n<meta property=\"article:modified_time\" content=\"2020-05-28T13:02:36+00:00\" \/>\n<meta name=\"twitter:card\" content=\"summary_large_image\" \/>\n<script type=\"application\/ld+json\" class=\"yoast-schema-graph\">{\"@context\":\"https:\/\/schema.org\",\"@graph\":[{\"@type\":\"WebPage\",\"@id\":\"https:\/\/argo-invest.com\/?page_id=592\",\"url\":\"https:\/\/argo-invest.com\/?page_id=592\",\"name\":\"Architektur & Design - ARIS Immobilien &amp; Finanzierungen\",\"isPartOf\":{\"@id\":\"https:\/\/argo-invest.com\/#website\"},\"datePublished\":\"2020-04-15T16:59:12+00:00\",\"dateModified\":\"2020-05-28T13:02:36+00:00\",\"breadcrumb\":{\"@id\":\"https:\/\/argo-invest.com\/?page_id=592#breadcrumb\"},\"inLanguage\":\"de\",\"potentialAction\":[{\"@type\":\"ReadAction\",\"target\":[\"https:\/\/argo-invest.com\/?page_id=592\"]}]},{\"@type\":\"BreadcrumbList\",\"@id\":\"https:\/\/argo-invest.com\/?page_id=592#breadcrumb\",\"itemListElement\":[{\"@type\":\"ListItem\",\"position\":1,\"name\":\"Startseite\",\"item\":\"https:\/\/argo-invest.com\/\"},{\"@type\":\"ListItem\",\"position\":2,\"name\":\"Architektur &#038; Design\"}]},{\"@type\":\"WebSite\",\"@id\":\"https:\/\/argo-invest.com\/#website\",\"url\":\"https:\/\/argo-invest.com\/\",\"name\":\"argo-invest.com\",\"description\":\"Aristidis Tziatzios\",\"publisher\":{\"@id\":\"https:\/\/argo-invest.com\/#organization\"},\"potentialAction\":[{\"@type\":\"SearchAction\",\"target\":{\"@type\":\"EntryPoint\",\"urlTemplate\":\"https:\/\/argo-invest.com\/?s={search_term_string}\"},\"query-input\":{\"@type\":\"PropertyValueSpecification\",\"valueRequired\":true,\"valueName\":\"search_term_string\"}}],\"inLanguage\":\"de\"},{\"@type\":\"Organization\",\"@id\":\"https:\/\/argo-invest.com\/#organization\",\"name\":\"ARGO Invest GmbH\",\"url\":\"https:\/\/argo-invest.com\/\",\"logo\":{\"@type\":\"ImageObject\",\"inLanguage\":\"de\",\"@id\":\"https:\/\/argo-invest.com\/#\/schema\/logo\/image\/\",\"url\":\"https:\/\/argo-invest.com\/wp-content\/uploads\/2019\/10\/Argo-web-blau.png\",\"contentUrl\":\"https:\/\/argo-invest.com\/wp-content\/uploads\/2019\/10\/Argo-web-blau.png\",\"width\":770,\"height\":215,\"caption\":\"ARGO Invest GmbH\"},\"image\":{\"@id\":\"https:\/\/argo-invest.com\/#\/schema\/logo\/image\/\"}}]}<\/script>\n<!-- \/ Yoast SEO plugin. -->","yoast_head_json":{"title":"Architektur & Design - ARIS Immobilien &amp; Finanzierungen","robots":{"index":"index","follow":"follow","max-snippet":"max-snippet:-1","max-image-preview":"max-image-preview:large","max-video-preview":"max-video-preview:-1"},"canonical":"https:\/\/argo-invest.com\/?page_id=592","og_locale":"de_DE","og_type":"article","og_title":"Architektur & Design - ARIS Immobilien &amp; Finanzierungen","og_description":"Auszug aus unseren Projekten: Download pdf hier! Von A bis Z \u2013 von Standard bis Individuell! Wir bitten den umfassenden Service f\u00fcr Hauseigent\u00fcmer, Verwaltungen und Bautr\u00e4ger. Wir stehen f\u00fcr: Optimale Beratung und Betreuung vor und w\u00e4hrend Ihres Bauvorhabens! Ein faires Preis-Leistungsverh\u00e4ltnis Qualitativ hochwertige Arbeit Termingerechte Ausf\u00fchrung Projektmanagement Zu unseren Spezialisierungen geh\u00f6ren folgende Dienstleistungen: Architektonisches Design &hellip; Continue reading \"Architektur &#038; Design\"","og_url":"https:\/\/argo-invest.com\/?page_id=592","og_site_name":"ARIS Immobilien &amp; Finanzierungen","article_modified_time":"2020-05-28T13:02:36+00:00","twitter_card":"summary_large_image","schema":{"@context":"https:\/\/schema.org","@graph":[{"@type":"WebPage","@id":"https:\/\/argo-invest.com\/?page_id=592","url":"https:\/\/argo-invest.com\/?page_id=592","name":"Architektur & Design - ARIS Immobilien &amp; Finanzierungen","isPartOf":{"@id":"https:\/\/argo-invest.com\/#website"},"datePublished":"2020-04-15T16:59:12+00:00","dateModified":"2020-05-28T13:02:36+00:00","breadcrumb":{"@id":"https:\/\/argo-invest.com\/?page_id=592#breadcrumb"},"inLanguage":"de","potentialAction":[{"@type":"ReadAction","target":["https:\/\/argo-invest.com\/?page_id=592"]}]},{"@type":"BreadcrumbList","@id":"https:\/\/argo-invest.com\/?page_id=592#breadcrumb","itemListElement":[{"@type":"ListItem","position":1,"name":"Startseite","item":"https:\/\/argo-invest.com\/"},{"@type":"ListItem","position":2,"name":"Architektur &#038; Design"}]},{"@type":"WebSite","@id":"https:\/\/argo-invest.com\/#website","url":"https:\/\/argo-invest.com\/","name":"argo-invest.com","description":"Aristidis Tziatzios","publisher":{"@id":"https:\/\/argo-invest.com\/#organization"},"potentialAction":[{"@type":"SearchAction","target":{"@type":"EntryPoint","urlTemplate":"https:\/\/argo-invest.com\/?s={search_term_string}"},"query-input":{"@type":"PropertyValueSpecification","valueRequired":true,"valueName":"search_term_string"}}],"inLanguage":"de"},{"@type":"Organization","@id":"https:\/\/argo-invest.com\/#organization","name":"ARGO Invest GmbH","url":"https:\/\/argo-invest.com\/","logo":{"@type":"ImageObject","inLanguage":"de","@id":"https:\/\/argo-invest.com\/#\/schema\/logo\/image\/","url":"https:\/\/argo-invest.com\/wp-content\/uploads\/2019\/10\/Argo-web-blau.png","contentUrl":"https:\/\/argo-invest.com\/wp-content\/uploads\/2019\/10\/Argo-web-blau.png","width":770,"height":215,"caption":"ARGO Invest GmbH"},"image":{"@id":"https:\/\/argo-invest.com\/#\/schema\/logo\/image\/"}}]}},"_links":{"self":[{"href":"https:\/\/argo-invest.com\/index.php?rest_route=\/wp\/v2\/pages\/592"}],"collection":[{"href":"https:\/\/argo-invest.com\/index.php?rest_route=\/wp\/v2\/pages"}],"about":[{"href":"https:\/\/argo-invest.com\/index.php?rest_route=\/wp\/v2\/types\/page"}],"author":[{"embeddable":true,"href":"https:\/\/argo-invest.com\/index.php?rest_route=\/wp\/v2\/users\/1"}],"replies":[{"embeddable":true,"href":"https:\/\/argo-invest.com\/index.php?rest_route=%2Fwp%2Fv2%2Fcomments&post=592"}],"version-history":[{"count":9,"href":"https:\/\/argo-invest.com\/index.php?rest_route=\/wp\/v2\/pages\/592\/revisions"}],"predecessor-version":[{"id":694,"href":"https:\/\/argo-invest.com\/index.php?rest_route=\/wp\/v2\/pages\/592\/revisions\/694"}],"wp:attachment":[{"href":"https:\/\/argo-invest.com\/index.php?rest_route=%2Fwp%2Fv2%2Fmedia&parent=592"}],"curies":[{"name":"wp","href":"https:\/\/api.w.org\/{rel}","templated":true}]}}