{"id":763,"date":"2022-02-16T15:21:53","date_gmt":"2022-02-16T15:21:53","guid":{"rendered":"https:\/\/argo-invest.com\/?page_id=763"},"modified":"2023-07-03T19:23:57","modified_gmt":"2023-07-03T19:23:57","slug":"elementor-763","status":"publish","type":"page","link":"https:\/\/argo-invest.com\/","title":{"rendered":"Willkommen"},"content":{"rendered":"\t\t<div data-elementor-type=\"wp-page\" data-elementor-id=\"763\" class=\"elementor elementor-763\">\n\t\t\t\t\t\t<section class=\"elementor-section elementor-top-section elementor-element elementor-element-e954a23 elementor-section-boxed elementor-section-height-default elementor-section-height-default\" data-id=\"e954a23\" data-element_type=\"section\">\n\t\t\t\t\t\t<div class=\"elementor-container elementor-column-gap-default\">\n\t\t\t\t\t<div class=\"elementor-column elementor-col-100 elementor-top-column elementor-element elementor-element-d059d1b\" data-id=\"d059d1b\" data-element_type=\"column\">\n\t\t\t<div class=\"elementor-widget-wrap elementor-element-populated\">\n\t\t\t\t\t\t<section class=\"elementor-section elementor-inner-section elementor-element elementor-element-eff727a elementor-section-boxed elementor-section-height-default elementor-section-height-default\" data-id=\"eff727a\" data-element_type=\"section\">\n\t\t\t\t\t\t<div class=\"elementor-container elementor-column-gap-default\">\n\t\t\t\t\t<div class=\"elementor-column elementor-col-33 elementor-inner-column elementor-element elementor-element-6ae1c0a\" data-id=\"6ae1c0a\" data-element_type=\"column\">\n\t\t\t<div class=\"elementor-widget-wrap elementor-element-populated\">\n\t\t\t\t\t\t<div class=\"elementor-element elementor-element-01e7247 elementor-widget elementor-widget-text-editor\" data-id=\"01e7247\" data-element_type=\"widget\" data-widget_type=\"text-editor.default\">\n\t\t\t\t<div class=\"elementor-widget-container\">\n\t\t\t\t\t\t\t\t\t<p>ARIS Kreditberater ist eine Vermittlungs- und Beratungsgesellschaft f\u00fcr Immobilien und Finanzierungen in Deutschland und Griechenland mit Sitz in der hessischen Landeshauptstadt Wiesbaden.<\/p><p>Als\u00a0 erfahrene Kaufleute der Grundst\u00fccks- und Wohnungswirtschaft, sowie Experten im Bereich der Immobilienfinanzierung, bieten wir unseren Mandanten umfassende Hilfestellung bei dem Verkauf oder der Vermietung ihrer Immobilie. Dar\u00fcber hinaus stehen wir Ihnen als Experte in der Immobiliendarlehensvermitlung zur Seite.<\/p><p>Dabei steht f\u00fcr uns die Kundenbetreuung und der Service im Vordergrund. Auch nach dem erfolgreichen Abschluss bleiben wir f\u00fcr unsere Kunden der Ansprechpartner und Berater in ihrer N\u00e4he.<\/p>\t\t\t\t\t\t\t\t<\/div>\n\t\t\t\t<\/div>\n\t\t\t\t\t<\/div>\n\t\t<\/div>\n\t\t\t\t<div class=\"elementor-column elementor-col-66 elementor-inner-column elementor-element elementor-element-719499e\" data-id=\"719499e\" data-element_type=\"column\">\n\t\t\t<div class=\"elementor-widget-wrap elementor-element-populated\">\n\t\t\t\t\t\t<div class=\"elementor-element elementor-element-c0a70ad elementor-widget elementor-widget-image\" data-id=\"c0a70ad\" data-element_type=\"widget\" data-widget_type=\"image.default\">\n\t\t\t\t<div class=\"elementor-widget-container\">\n\t\t\t\t\t\t\t\t\t\t\t\t<figure class=\"wp-caption\">\n\t\t\t\t\t\t\t\t\t\t\t<a href=\"https:\/\/argo-invest.com\/?properties=http-argo-invest-com-propertiessivota-villen-sivota-villen%20\" target=\"_blank\">\n\t\t\t\t\t\t\t<img fetchpriority=\"high\" decoding=\"async\" width=\"1000\" height=\"563\" src=\"https:\/\/argo-invest.com\/wp-content\/uploads\/2018\/02\/panorama9.jpg\" class=\"attachment-2048x2048 size-2048x2048 wp-image-63\" alt=\"\" srcset=\"https:\/\/argo-invest.com\/wp-content\/uploads\/2018\/02\/panorama9.jpg 1000w, https:\/\/argo-invest.com\/wp-content\/uploads\/2018\/02\/panorama9-300x169.jpg 300w, https:\/\/argo-invest.com\/wp-content\/uploads\/2018\/02\/panorama9-768x432.jpg 768w\" sizes=\"(max-width: 1000px) 100vw, 1000px\" \/>\t\t\t\t\t\t\t\t<\/a>\n\t\t\t\t\t\t\t\t\t\t\t<figcaption class=\"widget-image-caption wp-caption-text\"><\/figcaption>\n\t\t\t\t\t\t\t\t\t\t<\/figure>\n\t\t\t\t\t\t\t\t\t<\/div>\n\t\t\t\t<\/div>\n\t\t\t\t\t<\/div>\n\t\t<\/div>\n\t\t\t\t\t<\/div>\n\t\t<\/section>\n\t\t\t\t<div class=\"elementor-element elementor-element-7631fa2 elementor-widget-divider--view-line elementor-widget elementor-widget-divider\" data-id=\"7631fa2\" data-element_type=\"widget\" data-widget_type=\"divider.default\">\n\t\t\t\t<div class=\"elementor-widget-container\">\n\t\t\t\t\t\t\t<div class=\"elementor-divider\">\n\t\t\t<span class=\"elementor-divider-separator\">\n\t\t\t\t\t\t<\/span>\n\t\t<\/div>\n\t\t\t\t\t\t<\/div>\n\t\t\t\t<\/div>\n\t\t\t\t\t<\/div>\n\t\t<\/div>\n\t\t\t\t\t<\/div>\n\t\t<\/section>\n\t\t\t\t<section class=\"elementor-section elementor-top-section elementor-element elementor-element-f1ec218 elementor-section-boxed elementor-section-height-default elementor-section-height-default\" data-id=\"f1ec218\" data-element_type=\"section\">\n\t\t\t\t\t\t<div class=\"elementor-container elementor-column-gap-default\">\n\t\t\t\t\t<div class=\"elementor-column elementor-col-25 elementor-top-column elementor-element elementor-element-edad240\" data-id=\"edad240\" data-element_type=\"column\">\n\t\t\t<div class=\"elementor-widget-wrap elementor-element-populated\">\n\t\t\t\t\t\t<div class=\"elementor-element elementor-element-65ebd2d elementor-widget elementor-widget-image\" data-id=\"65ebd2d\" data-element_type=\"widget\" data-widget_type=\"image.default\">\n\t\t\t\t<div class=\"elementor-widget-container\">\n\t\t\t\t\t\t\t\t\t\t\t\t<figure class=\"wp-caption\">\n\t\t\t\t\t\t\t\t\t\t\t<a href=\"https:\/\/argo-invest.com\/?properties=http-argo-invest-com-propertiesvillen-athen-anavisso-villen-anavissos%20\" target=\"_blank\">\n\t\t\t\t\t\t\t<img decoding=\"async\" width=\"640\" height=\"853\" src=\"https:\/\/argo-invest.com\/wp-content\/uploads\/2019\/12\/7F6038CE-E2CB-440D-BAAD-79F87EFA2C67_1_105_c-768x1024.jpg\" class=\"attachment-large size-large wp-image-367\" alt=\"\" srcset=\"https:\/\/argo-invest.com\/wp-content\/uploads\/2019\/12\/7F6038CE-E2CB-440D-BAAD-79F87EFA2C67_1_105_c.jpg 768w, https:\/\/argo-invest.com\/wp-content\/uploads\/2019\/12\/7F6038CE-E2CB-440D-BAAD-79F87EFA2C67_1_105_c-225x300.jpg 225w\" sizes=\"(max-width: 640px) 100vw, 640px\" \/>\t\t\t\t\t\t\t\t<\/a>\n\t\t\t\t\t\t\t\t\t\t\t<figcaption class=\"widget-image-caption wp-caption-text\">Villa Athen<\/figcaption>\n\t\t\t\t\t\t\t\t\t\t<\/figure>\n\t\t\t\t\t\t\t\t\t<\/div>\n\t\t\t\t<\/div>\n\t\t\t\t\t<\/div>\n\t\t<\/div>\n\t\t\t\t<div class=\"elementor-column elementor-col-25 elementor-top-column elementor-element elementor-element-3beed3d\" data-id=\"3beed3d\" data-element_type=\"column\">\n\t\t\t<div class=\"elementor-widget-wrap elementor-element-populated\">\n\t\t\t\t\t\t<div class=\"elementor-element elementor-element-ace3714 elementor-widget elementor-widget-image\" data-id=\"ace3714\" data-element_type=\"widget\" data-widget_type=\"image.default\">\n\t\t\t\t<div class=\"elementor-widget-container\">\n\t\t\t\t\t\t\t\t\t\t\t\t<figure class=\"wp-caption\">\n\t\t\t\t\t\t\t\t\t\t\t<a href=\"https:\/\/argo-invest.com\/?properties=http-argo-invest-com-propertiesvillen-athen-anavisso-villen-anavissos%20\" target=\"_blank\">\n\t\t\t\t\t\t\t<img decoding=\"async\" width=\"640\" height=\"853\" src=\"https:\/\/argo-invest.com\/wp-content\/uploads\/2019\/12\/4CEC01E6-0130-4275-AB90-37B22C323AFE_1_105_c-768x1024.jpg\" class=\"attachment-large size-large wp-image-364\" alt=\"\" srcset=\"https:\/\/argo-invest.com\/wp-content\/uploads\/2019\/12\/4CEC01E6-0130-4275-AB90-37B22C323AFE_1_105_c.jpg 768w, https:\/\/argo-invest.com\/wp-content\/uploads\/2019\/12\/4CEC01E6-0130-4275-AB90-37B22C323AFE_1_105_c-225x300.jpg 225w\" sizes=\"(max-width: 640px) 100vw, 640px\" \/>\t\t\t\t\t\t\t\t<\/a>\n\t\t\t\t\t\t\t\t\t\t\t<figcaption class=\"widget-image-caption wp-caption-text\">Blick in EG<\/figcaption>\n\t\t\t\t\t\t\t\t\t\t<\/figure>\n\t\t\t\t\t\t\t\t\t<\/div>\n\t\t\t\t<\/div>\n\t\t\t\t\t<\/div>\n\t\t<\/div>\n\t\t\t\t<div class=\"elementor-column elementor-col-25 elementor-top-column elementor-element elementor-element-44afa71\" data-id=\"44afa71\" data-element_type=\"column\">\n\t\t\t<div class=\"elementor-widget-wrap elementor-element-populated\">\n\t\t\t\t\t\t<div class=\"elementor-element elementor-element-1c49181 elementor-widget elementor-widget-image\" data-id=\"1c49181\" data-element_type=\"widget\" data-widget_type=\"image.default\">\n\t\t\t\t<div class=\"elementor-widget-container\">\n\t\t\t\t\t\t\t\t\t\t\t\t<figure class=\"wp-caption\">\n\t\t\t\t\t\t\t\t\t\t\t<a href=\"https:\/\/argo-invest.com\/?properties=http-argo-invest-com-propertiesvillen-athen-anavisso-villen-anavissos%20\" target=\"_blank\">\n\t\t\t\t\t\t\t<img loading=\"lazy\" decoding=\"async\" width=\"640\" height=\"853\" src=\"https:\/\/argo-invest.com\/wp-content\/uploads\/2019\/12\/65A38D51-F42D-4986-ABFB-0DD756E47715_1_105_c-768x1024.jpg\" class=\"attachment-large size-large wp-image-377\" alt=\"\" srcset=\"https:\/\/argo-invest.com\/wp-content\/uploads\/2019\/12\/65A38D51-F42D-4986-ABFB-0DD756E47715_1_105_c.jpg 768w, https:\/\/argo-invest.com\/wp-content\/uploads\/2019\/12\/65A38D51-F42D-4986-ABFB-0DD756E47715_1_105_c-225x300.jpg 225w\" sizes=\"(max-width: 640px) 100vw, 640px\" \/>\t\t\t\t\t\t\t\t<\/a>\n\t\t\t\t\t\t\t\t\t\t\t<figcaption class=\"widget-image-caption wp-caption-text\">Blick in OG 1<\/figcaption>\n\t\t\t\t\t\t\t\t\t\t<\/figure>\n\t\t\t\t\t\t\t\t\t<\/div>\n\t\t\t\t<\/div>\n\t\t\t\t\t<\/div>\n\t\t<\/div>\n\t\t\t\t<div class=\"elementor-column elementor-col-25 elementor-top-column elementor-element elementor-element-1502f7c\" data-id=\"1502f7c\" data-element_type=\"column\">\n\t\t\t<div class=\"elementor-widget-wrap elementor-element-populated\">\n\t\t\t\t\t\t<div class=\"elementor-element elementor-element-df80e24 elementor-widget elementor-widget-image\" data-id=\"df80e24\" data-element_type=\"widget\" data-widget_type=\"image.default\">\n\t\t\t\t<div class=\"elementor-widget-container\">\n\t\t\t\t\t\t\t\t\t\t\t\t<figure class=\"wp-caption\">\n\t\t\t\t\t\t\t\t\t\t\t<a href=\"https:\/\/argo-invest.com\/?properties=http-argo-invest-com-propertiesvillen-athen-anavisso-villen-anavissos%20\" target=\"_blank\">\n\t\t\t\t\t\t\t<img loading=\"lazy\" decoding=\"async\" width=\"640\" height=\"853\" src=\"https:\/\/argo-invest.com\/wp-content\/uploads\/2019\/12\/0FB31BF7-6981-4BEB-B410-D499639858FA_1_105_c-768x1024.jpg\" class=\"attachment-large size-large wp-image-358\" alt=\"\" srcset=\"https:\/\/argo-invest.com\/wp-content\/uploads\/2019\/12\/0FB31BF7-6981-4BEB-B410-D499639858FA_1_105_c.jpg 768w, https:\/\/argo-invest.com\/wp-content\/uploads\/2019\/12\/0FB31BF7-6981-4BEB-B410-D499639858FA_1_105_c-225x300.jpg 225w\" sizes=\"(max-width: 640px) 100vw, 640px\" \/>\t\t\t\t\t\t\t\t<\/a>\n\t\t\t\t\t\t\t\t\t\t\t<figcaption class=\"widget-image-caption wp-caption-text\">Wohn -und Essbereich<\/figcaption>\n\t\t\t\t\t\t\t\t\t\t<\/figure>\n\t\t\t\t\t\t\t\t\t<\/div>\n\t\t\t\t<\/div>\n\t\t\t\t\t<\/div>\n\t\t<\/div>\n\t\t\t\t\t<\/div>\n\t\t<\/section>\n\t\t\t\t<\/div>\n\t\t","protected":false},"excerpt":{"rendered":"<p>ARIS Kreditberater ist eine Vermittlungs- und Beratungsgesellschaft f\u00fcr Immobilien und Finanzierungen in Deutschland und Griechenland mit Sitz in der hessischen Landeshauptstadt Wiesbaden. Als\u00a0 erfahrene Kaufleute der Grundst\u00fccks- und Wohnungswirtschaft, sowie Experten im Bereich der Immobilienfinanzierung, bieten wir unseren Mandanten umfassende Hilfestellung bei dem Verkauf oder der Vermietung ihrer Immobilie. Dar\u00fcber hinaus stehen wir Ihnen als &hellip; <\/p>\n<p class=\"link-more\"><a href=\"https:\/\/argo-invest.com\/\" class=\"more-link\">Continue reading<span class=\"screen-reader-text\"> &#8222;Willkommen&#8220;<\/span><\/a><\/p>\n","protected":false},"author":1,"featured_media":0,"parent":0,"menu_order":0,"comment_status":"closed","ping_status":"closed","template":"","meta":{"_monsterinsights_skip_tracking":false,"_monsterinsights_sitenote_active":false,"_monsterinsights_sitenote_note":"","_monsterinsights_sitenote_category":0,"footnotes":""},"yoast_head":"<!-- This site is optimized with the Yoast SEO plugin v23.5 - https:\/\/yoast.com\/wordpress\/plugins\/seo\/ -->\n<title>Willkommen - ARIS Immobilien &amp; Finanzierungen<\/title>\n<meta name=\"robots\" content=\"index, follow, max-snippet:-1, max-image-preview:large, max-video-preview:-1\" \/>\n<link rel=\"canonical\" href=\"https:\/\/argo-invest.com\/\" \/>\n<meta property=\"og:locale\" content=\"de_DE\" \/>\n<meta property=\"og:type\" content=\"article\" \/>\n<meta property=\"og:title\" content=\"Willkommen - ARIS Immobilien &amp; Finanzierungen\" \/>\n<meta property=\"og:description\" content=\"ARIS Kreditberater ist eine Vermittlungs- und Beratungsgesellschaft f\u00fcr Immobilien und Finanzierungen in Deutschland und Griechenland mit Sitz in der hessischen Landeshauptstadt Wiesbaden. Als\u00a0 erfahrene Kaufleute der Grundst\u00fccks- und Wohnungswirtschaft, sowie Experten im Bereich der Immobilienfinanzierung, bieten wir unseren Mandanten umfassende Hilfestellung bei dem Verkauf oder der Vermietung ihrer Immobilie. Dar\u00fcber hinaus stehen wir Ihnen als &hellip; Continue reading &quot;Willkommen&quot;\" \/>\n<meta property=\"og:url\" content=\"https:\/\/argo-invest.com\/\" \/>\n<meta property=\"og:site_name\" content=\"ARIS Immobilien &amp; Finanzierungen\" \/>\n<meta property=\"article:modified_time\" content=\"2023-07-03T19:23:57+00:00\" \/>\n<meta property=\"og:image\" content=\"https:\/\/argo-invest.com\/wp-content\/uploads\/2018\/02\/panorama9.jpg\" \/>\n<meta name=\"twitter:card\" content=\"summary_large_image\" \/>\n<meta name=\"twitter:label1\" content=\"Gesch\u00e4tzte Lesezeit\" \/>\n\t<meta name=\"twitter:data1\" content=\"2\u00a0Minuten\" \/>\n<script type=\"application\/ld+json\" class=\"yoast-schema-graph\">{\"@context\":\"https:\/\/schema.org\",\"@graph\":[{\"@type\":\"WebPage\",\"@id\":\"https:\/\/argo-invest.com\/\",\"url\":\"https:\/\/argo-invest.com\/\",\"name\":\"Willkommen - ARIS Immobilien &amp; Finanzierungen\",\"isPartOf\":{\"@id\":\"https:\/\/argo-invest.com\/#website\"},\"primaryImageOfPage\":{\"@id\":\"https:\/\/argo-invest.com\/#primaryimage\"},\"image\":{\"@id\":\"https:\/\/argo-invest.com\/#primaryimage\"},\"thumbnailUrl\":\"https:\/\/argo-invest.com\/wp-content\/uploads\/2018\/02\/panorama9.jpg\",\"datePublished\":\"2022-02-16T15:21:53+00:00\",\"dateModified\":\"2023-07-03T19:23:57+00:00\",\"breadcrumb\":{\"@id\":\"https:\/\/argo-invest.com\/#breadcrumb\"},\"inLanguage\":\"de\",\"potentialAction\":[{\"@type\":\"ReadAction\",\"target\":[\"https:\/\/argo-invest.com\/\"]}]},{\"@type\":\"ImageObject\",\"inLanguage\":\"de\",\"@id\":\"https:\/\/argo-invest.com\/#primaryimage\",\"url\":\"https:\/\/argo-invest.com\/wp-content\/uploads\/2018\/02\/panorama9.jpg\",\"contentUrl\":\"https:\/\/argo-invest.com\/wp-content\/uploads\/2018\/02\/panorama9.jpg\",\"width\":1000,\"height\":563},{\"@type\":\"BreadcrumbList\",\"@id\":\"https:\/\/argo-invest.com\/#breadcrumb\",\"itemListElement\":[{\"@type\":\"ListItem\",\"position\":1,\"name\":\"Startseite\",\"item\":\"https:\/\/argo-invest.com\/\"},{\"@type\":\"ListItem\",\"position\":2,\"name\":\"Willkommen\"}]},{\"@type\":\"WebSite\",\"@id\":\"https:\/\/argo-invest.com\/#website\",\"url\":\"https:\/\/argo-invest.com\/\",\"name\":\"argo-invest.com\",\"description\":\"Aristidis Tziatzios\",\"publisher\":{\"@id\":\"https:\/\/argo-invest.com\/#organization\"},\"potentialAction\":[{\"@type\":\"SearchAction\",\"target\":{\"@type\":\"EntryPoint\",\"urlTemplate\":\"https:\/\/argo-invest.com\/?s={search_term_string}\"},\"query-input\":{\"@type\":\"PropertyValueSpecification\",\"valueRequired\":true,\"valueName\":\"search_term_string\"}}],\"inLanguage\":\"de\"},{\"@type\":\"Organization\",\"@id\":\"https:\/\/argo-invest.com\/#organization\",\"name\":\"ARGO Invest GmbH\",\"url\":\"https:\/\/argo-invest.com\/\",\"logo\":{\"@type\":\"ImageObject\",\"inLanguage\":\"de\",\"@id\":\"https:\/\/argo-invest.com\/#\/schema\/logo\/image\/\",\"url\":\"https:\/\/argo-invest.com\/wp-content\/uploads\/2019\/10\/Argo-web-blau.png\",\"contentUrl\":\"https:\/\/argo-invest.com\/wp-content\/uploads\/2019\/10\/Argo-web-blau.png\",\"width\":770,\"height\":215,\"caption\":\"ARGO Invest GmbH\"},\"image\":{\"@id\":\"https:\/\/argo-invest.com\/#\/schema\/logo\/image\/\"}}]}<\/script>\n<!-- \/ Yoast SEO plugin. -->","yoast_head_json":{"title":"Willkommen - ARIS Immobilien &amp; Finanzierungen","robots":{"index":"index","follow":"follow","max-snippet":"max-snippet:-1","max-image-preview":"max-image-preview:large","max-video-preview":"max-video-preview:-1"},"canonical":"https:\/\/argo-invest.com\/","og_locale":"de_DE","og_type":"article","og_title":"Willkommen - ARIS Immobilien &amp; Finanzierungen","og_description":"ARIS Kreditberater ist eine Vermittlungs- und Beratungsgesellschaft f\u00fcr Immobilien und Finanzierungen in Deutschland und Griechenland mit Sitz in der hessischen Landeshauptstadt Wiesbaden. Als\u00a0 erfahrene Kaufleute der Grundst\u00fccks- und Wohnungswirtschaft, sowie Experten im Bereich der Immobilienfinanzierung, bieten wir unseren Mandanten umfassende Hilfestellung bei dem Verkauf oder der Vermietung ihrer Immobilie. Dar\u00fcber hinaus stehen wir Ihnen als &hellip; Continue reading \"Willkommen\"","og_url":"https:\/\/argo-invest.com\/","og_site_name":"ARIS Immobilien &amp; Finanzierungen","article_modified_time":"2023-07-03T19:23:57+00:00","og_image":[{"url":"https:\/\/argo-invest.com\/wp-content\/uploads\/2018\/02\/panorama9.jpg"}],"twitter_card":"summary_large_image","twitter_misc":{"Gesch\u00e4tzte Lesezeit":"2\u00a0Minuten"},"schema":{"@context":"https:\/\/schema.org","@graph":[{"@type":"WebPage","@id":"https:\/\/argo-invest.com\/","url":"https:\/\/argo-invest.com\/","name":"Willkommen - ARIS Immobilien &amp; Finanzierungen","isPartOf":{"@id":"https:\/\/argo-invest.com\/#website"},"primaryImageOfPage":{"@id":"https:\/\/argo-invest.com\/#primaryimage"},"image":{"@id":"https:\/\/argo-invest.com\/#primaryimage"},"thumbnailUrl":"https:\/\/argo-invest.com\/wp-content\/uploads\/2018\/02\/panorama9.jpg","datePublished":"2022-02-16T15:21:53+00:00","dateModified":"2023-07-03T19:23:57+00:00","breadcrumb":{"@id":"https:\/\/argo-invest.com\/#breadcrumb"},"inLanguage":"de","potentialAction":[{"@type":"ReadAction","target":["https:\/\/argo-invest.com\/"]}]},{"@type":"ImageObject","inLanguage":"de","@id":"https:\/\/argo-invest.com\/#primaryimage","url":"https:\/\/argo-invest.com\/wp-content\/uploads\/2018\/02\/panorama9.jpg","contentUrl":"https:\/\/argo-invest.com\/wp-content\/uploads\/2018\/02\/panorama9.jpg","width":1000,"height":563},{"@type":"BreadcrumbList","@id":"https:\/\/argo-invest.com\/#breadcrumb","itemListElement":[{"@type":"ListItem","position":1,"name":"Startseite","item":"https:\/\/argo-invest.com\/"},{"@type":"ListItem","position":2,"name":"Willkommen"}]},{"@type":"WebSite","@id":"https:\/\/argo-invest.com\/#website","url":"https:\/\/argo-invest.com\/","name":"argo-invest.com","description":"Aristidis Tziatzios","publisher":{"@id":"https:\/\/argo-invest.com\/#organization"},"potentialAction":[{"@type":"SearchAction","target":{"@type":"EntryPoint","urlTemplate":"https:\/\/argo-invest.com\/?s={search_term_string}"},"query-input":{"@type":"PropertyValueSpecification","valueRequired":true,"valueName":"search_term_string"}}],"inLanguage":"de"},{"@type":"Organization","@id":"https:\/\/argo-invest.com\/#organization","name":"ARGO Invest GmbH","url":"https:\/\/argo-invest.com\/","logo":{"@type":"ImageObject","inLanguage":"de","@id":"https:\/\/argo-invest.com\/#\/schema\/logo\/image\/","url":"https:\/\/argo-invest.com\/wp-content\/uploads\/2019\/10\/Argo-web-blau.png","contentUrl":"https:\/\/argo-invest.com\/wp-content\/uploads\/2019\/10\/Argo-web-blau.png","width":770,"height":215,"caption":"ARGO Invest GmbH"},"image":{"@id":"https:\/\/argo-invest.com\/#\/schema\/logo\/image\/"}}]}},"_links":{"self":[{"href":"https:\/\/argo-invest.com\/index.php?rest_route=\/wp\/v2\/pages\/763"}],"collection":[{"href":"https:\/\/argo-invest.com\/index.php?rest_route=\/wp\/v2\/pages"}],"about":[{"href":"https:\/\/argo-invest.com\/index.php?rest_route=\/wp\/v2\/types\/page"}],"author":[{"embeddable":true,"href":"https:\/\/argo-invest.com\/index.php?rest_route=\/wp\/v2\/users\/1"}],"replies":[{"embeddable":true,"href":"https:\/\/argo-invest.com\/index.php?rest_route=%2Fwp%2Fv2%2Fcomments&post=763"}],"version-history":[{"count":123,"href":"https:\/\/argo-invest.com\/index.php?rest_route=\/wp\/v2\/pages\/763\/revisions"}],"predecessor-version":[{"id":1042,"href":"https:\/\/argo-invest.com\/index.php?rest_route=\/wp\/v2\/pages\/763\/revisions\/1042"}],"wp:attachment":[{"href":"https:\/\/argo-invest.com\/index.php?rest_route=%2Fwp%2Fv2%2Fmedia&parent=763"}],"curies":[{"name":"wp","href":"https:\/\/api.w.org\/{rel}","templated":true}]}}