{"id":91,"date":"2018-02-24T18:14:27","date_gmt":"2018-02-24T18:14:27","guid":{"rendered":"http:\/\/argo-invest.com\/?page_id=91"},"modified":"2023-12-15T18:49:00","modified_gmt":"2023-12-15T18:49:00","slug":"impressum","status":"publish","type":"page","link":"https:\/\/argo-invest.com\/?page_id=91","title":{"rendered":"Impressum"},"content":{"rendered":"\t\t<div data-elementor-type=\"wp-page\" data-elementor-id=\"91\" class=\"elementor elementor-91\">\n\t\t\t\t\t\t<section class=\"elementor-section elementor-top-section elementor-element elementor-element-443bdae7 elementor-section-boxed elementor-section-height-default elementor-section-height-default\" data-id=\"443bdae7\" data-element_type=\"section\">\n\t\t\t\t\t\t<div class=\"elementor-container elementor-column-gap-default\">\n\t\t\t\t\t<div class=\"elementor-column elementor-col-100 elementor-top-column elementor-element elementor-element-488c31ac\" data-id=\"488c31ac\" data-element_type=\"column\">\n\t\t\t<div class=\"elementor-widget-wrap elementor-element-populated\">\n\t\t\t\t\t\t<div class=\"elementor-element elementor-element-1a96f7ab elementor-widget elementor-widget-text-editor\" data-id=\"1a96f7ab\" data-element_type=\"widget\" data-widget_type=\"text-editor.default\">\n\t\t\t\t<div class=\"elementor-widget-container\">\n\t\t\t\t\t\t\t\t\t<p>ARIS Kreditberater<\/p>\n<p>Aristidis Tziatzios<\/p>\n<p>Finanzamt Wiesbaden\u00a0<\/p>\n<p>USt-IdNr.: DE364374939<\/p>\n<p>Im Falle eines Kontaktes werden die von Ihnen zur Verf\u00fcgung gestellten Daten gegebenenfalls zur weiteren Bearbeitung verwendet und auch elektronisch gespeichert. Mit der \u00dcbermittlung der Daten stimmen Sie hiermit zu.<\/p>\n<p>Adresse:<\/p>\n<p>Adolf-Todt-Stra\u00dfe 15<\/p>\n<p>65203 Wiesbaden<\/p>\n<p>Kontakt:<br \/>E-Mail: info@aris-kreditberater.de<\/p>\n<p>Webseite:<br \/>www.aris-kreditberater.de<\/p>\n<p><\/p>\n<p><\/p>\t\t\t\t\t\t\t\t<\/div>\n\t\t\t\t<\/div>\n\t\t\t\t\t<\/div>\n\t\t<\/div>\n\t\t\t\t\t<\/div>\n\t\t<\/section>\n\t\t\t\t<\/div>\n\t\t","protected":false},"excerpt":{"rendered":"<p>ARIS Kreditberater Aristidis Tziatzios Finanzamt Wiesbaden&nbsp; USt-IdNr.: DE364374939 Im Falle eines Kontaktes werden die von Ihnen zur Verf\u00fcgung gestellten Daten gegebenenfalls zur weiteren Bearbeitung verwendet und auch elektronisch gespeichert. Mit der \u00dcbermittlung der Daten stimmen Sie hiermit zu. Adresse: Adolf-Todt-Stra\u00dfe 15 65203 Wiesbaden Kontakt:E-Mail: info@aris-kreditberater.de Webseite:www.aris-kreditberater.de<\/p>\n","protected":false},"author":1,"featured_media":0,"parent":0,"menu_order":0,"comment_status":"closed","ping_status":"closed","template":"","meta":{"_monsterinsights_skip_tracking":false,"_monsterinsights_sitenote_active":false,"_monsterinsights_sitenote_note":"","_monsterinsights_sitenote_category":0,"footnotes":""},"yoast_head":"<!-- This site is optimized with the Yoast SEO plugin v23.5 - https:\/\/yoast.com\/wordpress\/plugins\/seo\/ -->\n<title>Impressum - ARIS Immobilien &amp; Finanzierungen<\/title>\n<meta name=\"robots\" content=\"index, follow, max-snippet:-1, max-image-preview:large, max-video-preview:-1\" \/>\n<link rel=\"canonical\" href=\"https:\/\/argo-invest.com\/?page_id=91\" \/>\n<meta property=\"og:locale\" content=\"de_DE\" \/>\n<meta property=\"og:type\" content=\"article\" \/>\n<meta property=\"og:title\" content=\"Impressum - ARIS Immobilien &amp; Finanzierungen\" \/>\n<meta property=\"og:description\" content=\"ARIS Kreditberater Aristidis Tziatzios Finanzamt Wiesbaden&nbsp; USt-IdNr.: DE364374939 Im Falle eines Kontaktes werden die von Ihnen zur Verf\u00fcgung gestellten Daten gegebenenfalls zur weiteren Bearbeitung verwendet und auch elektronisch gespeichert. Mit der \u00dcbermittlung der Daten stimmen Sie hiermit zu. Adresse: Adolf-Todt-Stra\u00dfe 15 65203 Wiesbaden Kontakt:E-Mail: info@aris-kreditberater.de Webseite:www.aris-kreditberater.de\" \/>\n<meta property=\"og:url\" content=\"https:\/\/argo-invest.com\/?page_id=91\" \/>\n<meta property=\"og:site_name\" content=\"ARIS Immobilien &amp; Finanzierungen\" \/>\n<meta property=\"article:modified_time\" content=\"2023-12-15T18:49:00+00:00\" \/>\n<meta name=\"twitter:card\" content=\"summary_large_image\" \/>\n<meta name=\"twitter:label1\" content=\"Gesch\u00e4tzte Lesezeit\" \/>\n\t<meta name=\"twitter:data1\" content=\"1\u00a0Minute\" \/>\n<script type=\"application\/ld+json\" class=\"yoast-schema-graph\">{\"@context\":\"https:\/\/schema.org\",\"@graph\":[{\"@type\":\"WebPage\",\"@id\":\"https:\/\/argo-invest.com\/?page_id=91\",\"url\":\"https:\/\/argo-invest.com\/?page_id=91\",\"name\":\"Impressum - ARIS Immobilien &amp; Finanzierungen\",\"isPartOf\":{\"@id\":\"https:\/\/argo-invest.com\/#website\"},\"datePublished\":\"2018-02-24T18:14:27+00:00\",\"dateModified\":\"2023-12-15T18:49:00+00:00\",\"breadcrumb\":{\"@id\":\"https:\/\/argo-invest.com\/?page_id=91#breadcrumb\"},\"inLanguage\":\"de\",\"potentialAction\":[{\"@type\":\"ReadAction\",\"target\":[\"https:\/\/argo-invest.com\/?page_id=91\"]}]},{\"@type\":\"BreadcrumbList\",\"@id\":\"https:\/\/argo-invest.com\/?page_id=91#breadcrumb\",\"itemListElement\":[{\"@type\":\"ListItem\",\"position\":1,\"name\":\"Startseite\",\"item\":\"https:\/\/argo-invest.com\/\"},{\"@type\":\"ListItem\",\"position\":2,\"name\":\"Impressum\"}]},{\"@type\":\"WebSite\",\"@id\":\"https:\/\/argo-invest.com\/#website\",\"url\":\"https:\/\/argo-invest.com\/\",\"name\":\"argo-invest.com\",\"description\":\"Aristidis Tziatzios\",\"publisher\":{\"@id\":\"https:\/\/argo-invest.com\/#organization\"},\"potentialAction\":[{\"@type\":\"SearchAction\",\"target\":{\"@type\":\"EntryPoint\",\"urlTemplate\":\"https:\/\/argo-invest.com\/?s={search_term_string}\"},\"query-input\":{\"@type\":\"PropertyValueSpecification\",\"valueRequired\":true,\"valueName\":\"search_term_string\"}}],\"inLanguage\":\"de\"},{\"@type\":\"Organization\",\"@id\":\"https:\/\/argo-invest.com\/#organization\",\"name\":\"ARGO Invest GmbH\",\"url\":\"https:\/\/argo-invest.com\/\",\"logo\":{\"@type\":\"ImageObject\",\"inLanguage\":\"de\",\"@id\":\"https:\/\/argo-invest.com\/#\/schema\/logo\/image\/\",\"url\":\"https:\/\/argo-invest.com\/wp-content\/uploads\/2019\/10\/Argo-web-blau.png\",\"contentUrl\":\"https:\/\/argo-invest.com\/wp-content\/uploads\/2019\/10\/Argo-web-blau.png\",\"width\":770,\"height\":215,\"caption\":\"ARGO Invest GmbH\"},\"image\":{\"@id\":\"https:\/\/argo-invest.com\/#\/schema\/logo\/image\/\"}}]}<\/script>\n<!-- \/ Yoast SEO plugin. -->","yoast_head_json":{"title":"Impressum - ARIS Immobilien &amp; Finanzierungen","robots":{"index":"index","follow":"follow","max-snippet":"max-snippet:-1","max-image-preview":"max-image-preview:large","max-video-preview":"max-video-preview:-1"},"canonical":"https:\/\/argo-invest.com\/?page_id=91","og_locale":"de_DE","og_type":"article","og_title":"Impressum - ARIS Immobilien &amp; Finanzierungen","og_description":"ARIS Kreditberater Aristidis Tziatzios Finanzamt Wiesbaden&nbsp; USt-IdNr.: DE364374939 Im Falle eines Kontaktes werden die von Ihnen zur Verf\u00fcgung gestellten Daten gegebenenfalls zur weiteren Bearbeitung verwendet und auch elektronisch gespeichert. Mit der \u00dcbermittlung der Daten stimmen Sie hiermit zu. Adresse: Adolf-Todt-Stra\u00dfe 15 65203 Wiesbaden Kontakt:E-Mail: info@aris-kreditberater.de Webseite:www.aris-kreditberater.de","og_url":"https:\/\/argo-invest.com\/?page_id=91","og_site_name":"ARIS Immobilien &amp; Finanzierungen","article_modified_time":"2023-12-15T18:49:00+00:00","twitter_card":"summary_large_image","twitter_misc":{"Gesch\u00e4tzte Lesezeit":"1\u00a0Minute"},"schema":{"@context":"https:\/\/schema.org","@graph":[{"@type":"WebPage","@id":"https:\/\/argo-invest.com\/?page_id=91","url":"https:\/\/argo-invest.com\/?page_id=91","name":"Impressum - ARIS Immobilien &amp; Finanzierungen","isPartOf":{"@id":"https:\/\/argo-invest.com\/#website"},"datePublished":"2018-02-24T18:14:27+00:00","dateModified":"2023-12-15T18:49:00+00:00","breadcrumb":{"@id":"https:\/\/argo-invest.com\/?page_id=91#breadcrumb"},"inLanguage":"de","potentialAction":[{"@type":"ReadAction","target":["https:\/\/argo-invest.com\/?page_id=91"]}]},{"@type":"BreadcrumbList","@id":"https:\/\/argo-invest.com\/?page_id=91#breadcrumb","itemListElement":[{"@type":"ListItem","position":1,"name":"Startseite","item":"https:\/\/argo-invest.com\/"},{"@type":"ListItem","position":2,"name":"Impressum"}]},{"@type":"WebSite","@id":"https:\/\/argo-invest.com\/#website","url":"https:\/\/argo-invest.com\/","name":"argo-invest.com","description":"Aristidis Tziatzios","publisher":{"@id":"https:\/\/argo-invest.com\/#organization"},"potentialAction":[{"@type":"SearchAction","target":{"@type":"EntryPoint","urlTemplate":"https:\/\/argo-invest.com\/?s={search_term_string}"},"query-input":{"@type":"PropertyValueSpecification","valueRequired":true,"valueName":"search_term_string"}}],"inLanguage":"de"},{"@type":"Organization","@id":"https:\/\/argo-invest.com\/#organization","name":"ARGO Invest GmbH","url":"https:\/\/argo-invest.com\/","logo":{"@type":"ImageObject","inLanguage":"de","@id":"https:\/\/argo-invest.com\/#\/schema\/logo\/image\/","url":"https:\/\/argo-invest.com\/wp-content\/uploads\/2019\/10\/Argo-web-blau.png","contentUrl":"https:\/\/argo-invest.com\/wp-content\/uploads\/2019\/10\/Argo-web-blau.png","width":770,"height":215,"caption":"ARGO Invest GmbH"},"image":{"@id":"https:\/\/argo-invest.com\/#\/schema\/logo\/image\/"}}]}},"_links":{"self":[{"href":"https:\/\/argo-invest.com\/index.php?rest_route=\/wp\/v2\/pages\/91"}],"collection":[{"href":"https:\/\/argo-invest.com\/index.php?rest_route=\/wp\/v2\/pages"}],"about":[{"href":"https:\/\/argo-invest.com\/index.php?rest_route=\/wp\/v2\/types\/page"}],"author":[{"embeddable":true,"href":"https:\/\/argo-invest.com\/index.php?rest_route=\/wp\/v2\/users\/1"}],"replies":[{"embeddable":true,"href":"https:\/\/argo-invest.com\/index.php?rest_route=%2Fwp%2Fv2%2Fcomments&post=91"}],"version-history":[{"count":18,"href":"https:\/\/argo-invest.com\/index.php?rest_route=\/wp\/v2\/pages\/91\/revisions"}],"predecessor-version":[{"id":1127,"href":"https:\/\/argo-invest.com\/index.php?rest_route=\/wp\/v2\/pages\/91\/revisions\/1127"}],"wp:attachment":[{"href":"https:\/\/argo-invest.com\/index.php?rest_route=%2Fwp%2Fv2%2Fmedia&parent=91"}],"curies":[{"name":"wp","href":"https:\/\/api.w.org\/{rel}","templated":true}]}}